{"id":1115,"date":"2020-02-21T20:11:39","date_gmt":"2020-02-21T19:11:39","guid":{"rendered":"https:\/\/shop-now.h-moser.com\/produit\/venturer-small-seconds\/"},"modified":"2020-10-19T13:30:18","modified_gmt":"2020-10-19T11:30:18","slug":"venturer-small-seconds","status":"publish","type":"product","link":"https:\/\/h-moser.com\/fr\/produit\/venturer-small-seconds\/","title":{"rendered":"VENTURER SMALL SECONDS"},"content":{"rendered":"<p>Puisant ses r\u00e9f\u00e9rences conceptuelles dans les ann\u00e9es 20 et les ann\u00e9es 60, la collection Venturer met l&rsquo;\u00e9l\u00e9gance au premier plan.<br \/>\nDot\u00e9e d&rsquo;un cadran violet fum\u00e9 constituant une v\u00e9ritable raret\u00e9, ainsi que d&rsquo;un spiral et d&rsquo;un balancier assortis sur le fond, la 2327-1203 r\u00e9invente l&rsquo;\u00e9l\u00e9gance au sein de sa bo\u00eete en acier. All\u00e9g\u00e9 de son logo et de tous ses ornements \u00e0 part quatre de ses index, ce mod\u00e8le produit en \u00e9dition limit\u00e9e de seulement 10 pi\u00e8ces est une r\u00e9vision des fondamentaux.<\/p>\n","protected":false},"excerpt":{"rendered":"<p>Puisant ses r\u00e9f\u00e9rences conceptuelles dans les ann\u00e9es 20 et les ann\u00e9es 60, la collection Venturer met l&rsquo;\u00e9l\u00e9gance au premier plan. Dot\u00e9e d&rsquo;un cadran violet fum\u00e9 constituant une v\u00e9ritable raret\u00e9, ainsi que d&rsquo;un spiral et d&rsquo;un balancier assortis sur le fond, la 2327-1203 r\u00e9invente l&rsquo;\u00e9l\u00e9gance au sein de sa bo\u00eete en acier. All\u00e9g\u00e9 de son logo &hellip; <a href=\"https:\/\/h-moser.com\/fr\/produit\/venturer-small-seconds\/\">Continued<\/a><\/p>\n","protected":false},"featured_media":14534,"template":"","meta":{"_acf_changed":false,"_seopress_robots_primary_cat":"none","_seopress_titles_title":"H. Moser &amp; Cie. watches VENTURER SMALL SECONDS","_seopress_titles_desc":"Puisant ses r\u00e9f\u00e9rences conceptuelles dans les ann\u00e9es 20 et les ann\u00e9es 60, la collection Venturer met l&#039;\u00e9l\u00e9gance au premier plan.","_seopress_robots_index":""},"product_brand":[],"product_cat":[83],"product_tag":[],"class_list":{"0":"post-1115","1":"product","2":"type-product","3":"status-publish","4":"has-post-thumbnail","6":"product_cat-pre-owned-fr-2","8":"first","9":"outofstock","10":"shipping-taxable","11":"purchasable","12":"product-type-simple"},"acf":[],"_links":{"self":[{"href":"https:\/\/h-moser.com\/fr\/wp-json\/wp\/v2\/product\/1115","targetHints":{"allow":["GET"]}}],"collection":[{"href":"https:\/\/h-moser.com\/fr\/wp-json\/wp\/v2\/product"}],"about":[{"href":"https:\/\/h-moser.com\/fr\/wp-json\/wp\/v2\/types\/product"}],"wp:featuredmedia":[{"embeddable":true,"href":"https:\/\/h-moser.com\/fr\/wp-json\/wp\/v2\/media\/14534"}],"wp:attachment":[{"href":"https:\/\/h-moser.com\/fr\/wp-json\/wp\/v2\/media?parent=1115"}],"wp:term":[{"taxonomy":"product_brand","embeddable":true,"href":"https:\/\/h-moser.com\/fr\/wp-json\/wp\/v2\/product_brand?post=1115"},{"taxonomy":"product_cat","embeddable":true,"href":"https:\/\/h-moser.com\/fr\/wp-json\/wp\/v2\/product_cat?post=1115"},{"taxonomy":"product_tag","embeddable":true,"href":"https:\/\/h-moser.com\/fr\/wp-json\/wp\/v2\/product_tag?post=1115"}],"curies":[{"name":"wp","href":"https:\/\/api.w.org\/{rel}","templated":true}]}}