{"id":1122,"date":"2020-02-21T20:16:37","date_gmt":"2020-02-21T19:16:37","guid":{"rendered":"https:\/\/shop-now.h-moser.com\/produit\/venturer-small-seconds-purity\/"},"modified":"2020-10-19T13:42:32","modified_gmt":"2020-10-19T11:42:32","slug":"venturer-small-seconds-purity","status":"publish","type":"product","link":"https:\/\/h-moser.com\/fr\/produit\/venturer-small-seconds-purity\/","title":{"rendered":"VENTURER SMALL SECONDS PURITY"},"content":{"rendered":"<p>Puisant ses r\u00e9f\u00e9rences conceptuelles dans les ann\u00e9es 20 et les ann\u00e9es 60, la collection Venturer met l&rsquo;\u00e9l\u00e9gance au premier plan.<br \/>\nLimit\u00e9e \u00e0 seulement 100 pi\u00e8ces, la 2327-0404 comprend un cadran Fum\u00e9. All\u00e9g\u00e9 du logo et de la plupart des index, le cadran irradie d&rsquo;autant plus de beaut\u00e9. Les tons chauds de la bo\u00eete en or rouge magnifient ainsi le cadran Purity, tout en sobri\u00e9t\u00e9.<\/p>\n","protected":false},"excerpt":{"rendered":"<p>Puisant ses r\u00e9f\u00e9rences conceptuelles dans les ann\u00e9es 20 et les ann\u00e9es 60, la collection Venturer met l&rsquo;\u00e9l\u00e9gance au premier plan. Limit\u00e9e \u00e0 seulement 100 pi\u00e8ces, la 2327-0404 comprend un cadran Fum\u00e9. All\u00e9g\u00e9 du logo et de la plupart des index, le cadran irradie d&rsquo;autant plus de beaut\u00e9. Les tons chauds de la bo\u00eete en or &hellip; <a href=\"https:\/\/h-moser.com\/fr\/produit\/venturer-small-seconds-purity\/\">Continued<\/a><\/p>\n","protected":false},"featured_media":14482,"template":"","meta":{"_acf_changed":false,"_seopress_robots_primary_cat":"none","_seopress_titles_title":"","_seopress_titles_desc":"","_seopress_robots_index":""},"product_brand":[],"product_cat":[83],"product_tag":[],"class_list":{"0":"post-1122","1":"product","2":"type-product","3":"status-publish","4":"has-post-thumbnail","6":"product_cat-pre-owned-fr-2","8":"first","9":"outofstock","10":"shipping-taxable","11":"purchasable","12":"product-type-simple"},"acf":[],"_links":{"self":[{"href":"https:\/\/h-moser.com\/fr\/wp-json\/wp\/v2\/product\/1122","targetHints":{"allow":["GET"]}}],"collection":[{"href":"https:\/\/h-moser.com\/fr\/wp-json\/wp\/v2\/product"}],"about":[{"href":"https:\/\/h-moser.com\/fr\/wp-json\/wp\/v2\/types\/product"}],"wp:featuredmedia":[{"embeddable":true,"href":"https:\/\/h-moser.com\/fr\/wp-json\/wp\/v2\/media\/14482"}],"wp:attachment":[{"href":"https:\/\/h-moser.com\/fr\/wp-json\/wp\/v2\/media?parent=1122"}],"wp:term":[{"taxonomy":"product_brand","embeddable":true,"href":"https:\/\/h-moser.com\/fr\/wp-json\/wp\/v2\/product_brand?post=1122"},{"taxonomy":"product_cat","embeddable":true,"href":"https:\/\/h-moser.com\/fr\/wp-json\/wp\/v2\/product_cat?post=1122"},{"taxonomy":"product_tag","embeddable":true,"href":"https:\/\/h-moser.com\/fr\/wp-json\/wp\/v2\/product_tag?post=1122"}],"curies":[{"name":"wp","href":"https:\/\/api.w.org\/{rel}","templated":true}]}}