{"id":112532,"date":"2025-06-18T09:35:04","date_gmt":"2025-06-16T15:06:32","guid":{"rendered":"https:\/\/h-moser.com\/?post_type=product&#038;p=112532"},"modified":"2025-06-26T08:42:22","modified_gmt":"2025-06-26T06:42:22","slug":"pioneer-cylindrical-tourbillon-skeleton-3811-1203","status":"publish","type":"product","link":"https:\/\/h-moser.com\/fr\/produit\/pioneer-cylindrical-tourbillon-skeleton-3811-1203\/","title":{"rendered":"Pioneer Cylindrical Tourbillon Skeleton Spiced Aqua"},"content":{"rendered":"<p>Audacieux et \u00e9pur\u00e9, le superbe Pioneer Cylindrical Tourbillon Skeleton Spiced Aqua ne cache rien. Son architecture ouverte accueille le calibre squelette HMC 811. Celui-ci est \u00e9quip\u00e9 d\u2019un tourbillon volant \u00e0 spiral cylindrique, con\u00e7u et fabriqu\u00e9 en interne. La luminescence de la montre \u00e9mane du sous-cadran bomb\u00e9 orange, qui semble flotter au-dessus du cadran enti\u00e8rement ajour\u00e9. Un manifeste technique. Une d\u00e9claration d\u2019ind\u00e9pendance.<\/p>\n","protected":false},"excerpt":{"rendered":"<p>Audacieux et \u00e9pur\u00e9, le superbe Pioneer Cylindrical Tourbillon Skeleton Spiced Aqua ne cache rien. Son architecture ouverte accueille le calibre squelette HMC 811. Celui-ci est \u00e9quip\u00e9 d\u2019un tourbillon volant \u00e0 spiral cylindrique, con\u00e7u et fabriqu\u00e9 en interne. La luminescence de la montre \u00e9mane du sous-cadran bomb\u00e9 orange, qui semble flotter au-dessus du cadran enti\u00e8rement ajour\u00e9. &hellip; <a href=\"https:\/\/h-moser.com\/fr\/produit\/pioneer-cylindrical-tourbillon-skeleton-3811-1203\/\">Continued<\/a><\/p>\n","protected":false},"featured_media":112510,"template":"","meta":{"_acf_changed":false,"_seopress_robots_primary_cat":"none","_seopress_titles_title":"","_seopress_titles_desc":"","_seopress_robots_index":""},"product_brand":[],"product_cat":[2457,273],"product_tag":[],"class_list":{"0":"post-112532","1":"product","2":"type-product","3":"status-publish","4":"has-post-thumbnail","6":"product_cat-aqua-spiced-pioneer-fr","7":"product_cat-pioneer-fr","9":"first","10":"instock","11":"shipping-taxable","12":"purchasable","13":"product-type-simple"},"acf":[],"_links":{"self":[{"href":"https:\/\/h-moser.com\/fr\/wp-json\/wp\/v2\/product\/112532","targetHints":{"allow":["GET"]}}],"collection":[{"href":"https:\/\/h-moser.com\/fr\/wp-json\/wp\/v2\/product"}],"about":[{"href":"https:\/\/h-moser.com\/fr\/wp-json\/wp\/v2\/types\/product"}],"wp:featuredmedia":[{"embeddable":true,"href":"https:\/\/h-moser.com\/fr\/wp-json\/wp\/v2\/media\/112510"}],"wp:attachment":[{"href":"https:\/\/h-moser.com\/fr\/wp-json\/wp\/v2\/media?parent=112532"}],"wp:term":[{"taxonomy":"product_brand","embeddable":true,"href":"https:\/\/h-moser.com\/fr\/wp-json\/wp\/v2\/product_brand?post=112532"},{"taxonomy":"product_cat","embeddable":true,"href":"https:\/\/h-moser.com\/fr\/wp-json\/wp\/v2\/product_cat?post=112532"},{"taxonomy":"product_tag","embeddable":true,"href":"https:\/\/h-moser.com\/fr\/wp-json\/wp\/v2\/product_tag?post=112532"}],"curies":[{"name":"wp","href":"https:\/\/api.w.org\/{rel}","templated":true}]}}