{"id":112536,"date":"2025-06-16T12:20:12","date_gmt":"2025-06-16T10:20:12","guid":{"rendered":"https:\/\/h-moser.com\/?post_type=product&#038;p=112536"},"modified":"2025-07-18T10:31:25","modified_gmt":"2025-07-18T08:31:25","slug":"pioneer-tourbillon-3805-1200","status":"publish","type":"product","link":"https:\/\/h-moser.com\/fr\/produit\/pioneer-tourbillon-3805-1200\/","title":{"rendered":"Pioneer Tourbillon Spiced Aqua"},"content":{"rendered":"<p>Orange audacieux, turquoise \u00e9lectrique et un r\u00e9haut qui luit telle une enseigne n\u00e9on \u00e0 la tomb\u00e9e de la nuit. Le Pioneer Tourbillon Spiced Aqua est une super-montre. Son calibre, le HMC 805, est \u00e9quip\u00e9 de notre double spiral con\u00e7u en interne. Constamment en l\u00e9vitation, ce chef-d\u2019\u0153uvre de Haute Horlogerie fascine et fait tourner les t\u00eates plus vite que son propre tourbillon.<\/p>\n","protected":false},"excerpt":{"rendered":"<p>Orange audacieux, turquoise \u00e9lectrique et un r\u00e9haut qui luit telle une enseigne n\u00e9on \u00e0 la tomb\u00e9e de la nuit. Le Pioneer Tourbillon Spiced Aqua est une super-montre. Son calibre, le HMC 805, est \u00e9quip\u00e9 de notre double spiral con\u00e7u en interne. Constamment en l\u00e9vitation, ce chef-d\u2019\u0153uvre de Haute Horlogerie fascine et fait tourner les t\u00eates &hellip; <a href=\"https:\/\/h-moser.com\/fr\/produit\/pioneer-tourbillon-3805-1200\/\">Continued<\/a><\/p>\n","protected":false},"featured_media":112841,"template":"","meta":{"_acf_changed":false,"_seopress_robots_primary_cat":"none","_seopress_titles_title":"","_seopress_titles_desc":"","_seopress_robots_index":""},"product_brand":[],"product_cat":[2457,273],"product_tag":[],"class_list":{"0":"post-112536","1":"product","2":"type-product","3":"status-publish","4":"has-post-thumbnail","6":"product_cat-aqua-spiced-pioneer-fr","7":"product_cat-pioneer-fr","9":"first","10":"instock","11":"shipping-taxable","12":"purchasable","13":"product-type-simple"},"acf":[],"_links":{"self":[{"href":"https:\/\/h-moser.com\/fr\/wp-json\/wp\/v2\/product\/112536","targetHints":{"allow":["GET"]}}],"collection":[{"href":"https:\/\/h-moser.com\/fr\/wp-json\/wp\/v2\/product"}],"about":[{"href":"https:\/\/h-moser.com\/fr\/wp-json\/wp\/v2\/types\/product"}],"wp:featuredmedia":[{"embeddable":true,"href":"https:\/\/h-moser.com\/fr\/wp-json\/wp\/v2\/media\/112841"}],"wp:attachment":[{"href":"https:\/\/h-moser.com\/fr\/wp-json\/wp\/v2\/media?parent=112536"}],"wp:term":[{"taxonomy":"product_brand","embeddable":true,"href":"https:\/\/h-moser.com\/fr\/wp-json\/wp\/v2\/product_brand?post=112536"},{"taxonomy":"product_cat","embeddable":true,"href":"https:\/\/h-moser.com\/fr\/wp-json\/wp\/v2\/product_cat?post=112536"},{"taxonomy":"product_tag","embeddable":true,"href":"https:\/\/h-moser.com\/fr\/wp-json\/wp\/v2\/product_tag?post=112536"}],"curies":[{"name":"wp","href":"https:\/\/api.w.org\/{rel}","templated":true}]}}