{"id":112544,"date":"2025-06-16T11:13:34","date_gmt":"2025-06-16T09:13:34","guid":{"rendered":"https:\/\/h-moser.com\/?post_type=product&#038;p=112544"},"modified":"2025-07-18T09:47:18","modified_gmt":"2025-07-18T07:47:18","slug":"pioneer-centre-seconds-3201-1202","status":"publish","type":"product","link":"https:\/\/h-moser.com\/fr\/produit\/pioneer-centre-seconds-3201-1202\/","title":{"rendered":"Pioneer Centre Seconds Spiced Aqua"},"content":{"rendered":"<p>Un cadran turquoise saisissant qui exige votre attention. Un r\u00e9haut qui prend vie dans l\u2019obscurit\u00e9. Un bracelet blanc immacul\u00e9. La Pioneer Centre Seconds Spiced Aqua est entra\u00een\u00e9e par un calibre automatique exceptionnel, le HMC 201. \u00c9pur\u00e9, pr\u00e9cis et r\u00e9solument audacieux, ce garde-temps distille une fra\u00eecheur chromatique. Trois aiguilles, z\u00e9ro compromis.<\/p>\n","protected":false},"excerpt":{"rendered":"<p>Un cadran turquoise saisissant qui exige votre attention. Un r\u00e9haut qui prend vie dans l\u2019obscurit\u00e9. Un bracelet blanc immacul\u00e9. La Pioneer Centre Seconds Spiced Aqua est entra\u00een\u00e9e par un calibre automatique exceptionnel, le HMC 201. \u00c9pur\u00e9, pr\u00e9cis et r\u00e9solument audacieux, ce garde-temps distille une fra\u00eecheur chromatique. Trois aiguilles, z\u00e9ro compromis.<\/p>\n","protected":false},"featured_media":112389,"template":"","meta":{"_acf_changed":false,"_seopress_robots_primary_cat":"none","_seopress_titles_title":"","_seopress_titles_desc":"","_seopress_robots_index":""},"product_brand":[],"product_cat":[2457,273],"product_tag":[],"class_list":{"0":"post-112544","1":"product","2":"type-product","3":"status-publish","4":"has-post-thumbnail","6":"product_cat-aqua-spiced-pioneer-fr","7":"product_cat-pioneer-fr","9":"first","10":"instock","11":"shipping-taxable","12":"purchasable","13":"product-type-simple"},"acf":[],"_links":{"self":[{"href":"https:\/\/h-moser.com\/fr\/wp-json\/wp\/v2\/product\/112544","targetHints":{"allow":["GET"]}}],"collection":[{"href":"https:\/\/h-moser.com\/fr\/wp-json\/wp\/v2\/product"}],"about":[{"href":"https:\/\/h-moser.com\/fr\/wp-json\/wp\/v2\/types\/product"}],"wp:featuredmedia":[{"embeddable":true,"href":"https:\/\/h-moser.com\/fr\/wp-json\/wp\/v2\/media\/112389"}],"wp:attachment":[{"href":"https:\/\/h-moser.com\/fr\/wp-json\/wp\/v2\/media?parent=112544"}],"wp:term":[{"taxonomy":"product_brand","embeddable":true,"href":"https:\/\/h-moser.com\/fr\/wp-json\/wp\/v2\/product_brand?post=112544"},{"taxonomy":"product_cat","embeddable":true,"href":"https:\/\/h-moser.com\/fr\/wp-json\/wp\/v2\/product_cat?post=112544"},{"taxonomy":"product_tag","embeddable":true,"href":"https:\/\/h-moser.com\/fr\/wp-json\/wp\/v2\/product_tag?post=112544"}],"curies":[{"name":"wp","href":"https:\/\/api.w.org\/{rel}","templated":true}]}}