{"id":1129,"date":"2020-02-21T20:19:04","date_gmt":"2020-02-21T19:19:04","guid":{"rendered":"https:\/\/shop-now.h-moser.com\/produit\/endeavour-perpetual-calendar\/"},"modified":"2020-10-19T16:51:05","modified_gmt":"2020-10-19T14:51:05","slug":"endeavour-perpetual-calendar","status":"publish","type":"product","link":"https:\/\/h-moser.com\/fr\/produit\/endeavour-perpetual-calendar\/","title":{"rendered":"ENDEAVOUR PERPETUAL CALENDAR"},"content":{"rendered":"<p>Endeavour, la plus pure des collections H. Moser &amp; Cie., constitue l&rsquo;\u00e9quilibre parfait entre les formes, les couleurs et les lignes tout en restant fid\u00e8le \u00e0 la tradition horlog\u00e8re. Sous le cadran Midnight Blue fum\u00e9 de la 1341-0110 se trouve le c\u00e9l\u00e8bre quanti\u00e8me perp\u00e9tuel de H. Moser &amp; Cie. Utilisant des \u00e9l\u00e9ments subtils tels que la fl\u00e8che centrale pour indiquer le mois, ce mod\u00e8le constitue la preuve que l&rsquo;\u00e9l\u00e9gance et la complexit\u00e9 peuvent s&rsquo;unir.<\/p>\n","protected":false},"excerpt":{"rendered":"<p>Endeavour, la plus pure des collections H. Moser &amp; Cie., constitue l&rsquo;\u00e9quilibre parfait entre les formes, les couleurs et les lignes tout en restant fid\u00e8le \u00e0 la tradition horlog\u00e8re. Sous le cadran Midnight Blue fum\u00e9 de la 1341-0110 se trouve le c\u00e9l\u00e8bre quanti\u00e8me perp\u00e9tuel de H. Moser &amp; Cie. Utilisant des \u00e9l\u00e9ments subtils tels que &hellip; <a href=\"https:\/\/h-moser.com\/fr\/produit\/endeavour-perpetual-calendar\/\">Continued<\/a><\/p>\n","protected":false},"featured_media":14225,"template":"","meta":{"_acf_changed":false,"_seopress_robots_primary_cat":"none","_seopress_titles_title":"H. Moser &amp; Cie. watches ENDEAVOUR PERPETUAL CALENDAR","_seopress_titles_desc":"Endeavour, la plus pure des collections H. Moser &amp; Cie., constitue l&#039;\u00e9quilibre parfait entre les formes, les couleurs et les lignes tout en restant fid\u00e8le \u00e0 la tradition horlog\u00e8re.","_seopress_robots_index":""},"product_brand":[],"product_cat":[83],"product_tag":[],"class_list":{"0":"post-1129","1":"product","2":"type-product","3":"status-publish","4":"has-post-thumbnail","6":"product_cat-pre-owned-fr-2","8":"first","9":"outofstock","10":"shipping-taxable","11":"purchasable","12":"product-type-simple"},"acf":[],"_links":{"self":[{"href":"https:\/\/h-moser.com\/fr\/wp-json\/wp\/v2\/product\/1129","targetHints":{"allow":["GET"]}}],"collection":[{"href":"https:\/\/h-moser.com\/fr\/wp-json\/wp\/v2\/product"}],"about":[{"href":"https:\/\/h-moser.com\/fr\/wp-json\/wp\/v2\/types\/product"}],"wp:featuredmedia":[{"embeddable":true,"href":"https:\/\/h-moser.com\/fr\/wp-json\/wp\/v2\/media\/14225"}],"wp:attachment":[{"href":"https:\/\/h-moser.com\/fr\/wp-json\/wp\/v2\/media?parent=1129"}],"wp:term":[{"taxonomy":"product_brand","embeddable":true,"href":"https:\/\/h-moser.com\/fr\/wp-json\/wp\/v2\/product_brand?post=1129"},{"taxonomy":"product_cat","embeddable":true,"href":"https:\/\/h-moser.com\/fr\/wp-json\/wp\/v2\/product_cat?post=1129"},{"taxonomy":"product_tag","embeddable":true,"href":"https:\/\/h-moser.com\/fr\/wp-json\/wp\/v2\/product_tag?post=1129"}],"curies":[{"name":"wp","href":"https:\/\/api.w.org\/{rel}","templated":true}]}}