{"id":115828,"date":"2025-08-28T10:22:32","date_gmt":"2025-08-28T08:22:32","guid":{"rendered":"https:\/\/h-moser.com\/?post_type=product&#038;p=115828"},"modified":"2026-03-27T09:46:19","modified_gmt":"2026-03-27T08:46:19","slug":"endeavour-perpetual-calendar-1800-0207","status":"publish","type":"product","link":"https:\/\/h-moser.com\/fr\/produit\/endeavour-perpetual-calendar-1800-0207\/","title":{"rendered":"Endeavour Perpetual Calendar Smoked Salmon"},"content":{"rendered":"<p>\u00ab\u00a0Qu\u2019obtenez-vous si vous combinez trois ic\u00f4nes Moser\u00a0: un cadran Smoked Salmon, un bo\u00eetier Endeavour et notre quanti\u00e8me perp\u00e9tuel prim\u00e9\u00a0?\u00a0\u00bb L\u2019Endeavour Perpetual Calendar Smoked Salmon incarne la quintessence horlog\u00e8re \u2012\u00a0c\u2019est un mod\u00e8le exquis, sophistiqu\u00e9 et en avance sur son temps. D\u2019un diam\u00e8tre de 42\u00a0mm, son bo\u00eetier en or blanc r\u00e9unit le tr\u00e8s attendu cadran Smoked Salmon, orn\u00e9 d\u2019une finition griff\u00e9e verticale, et l\u2019un de nos calibres les plus ing\u00e9nieux, le HMC\u00a0800.<\/p>\n","protected":false},"excerpt":{"rendered":"<p>\u00ab\u00a0Qu\u2019obtenez-vous si vous combinez trois ic\u00f4nes Moser\u00a0: un cadran Smoked Salmon, un bo\u00eetier Endeavour et notre quanti\u00e8me perp\u00e9tuel prim\u00e9\u00a0?\u00a0\u00bb L\u2019Endeavour Perpetual Calendar Smoked Salmon incarne la quintessence horlog\u00e8re \u2012\u00a0c\u2019est un mod\u00e8le exquis, sophistiqu\u00e9 et en avance sur son temps. D\u2019un diam\u00e8tre de 42\u00a0mm, son bo\u00eetier en or blanc r\u00e9unit le tr\u00e8s attendu cadran Smoked Salmon, &hellip; <a href=\"https:\/\/h-moser.com\/fr\/produit\/endeavour-perpetual-calendar-1800-0207\/\">Continued<\/a><\/p>\n","protected":false},"featured_media":115820,"template":"","meta":{"_acf_changed":false,"_seopress_robots_primary_cat":"168","_seopress_titles_title":"","_seopress_titles_desc":"","_seopress_robots_index":""},"product_brand":[],"product_cat":[168,198],"product_tag":[],"class_list":{"0":"post-115828","1":"product","2":"type-product","3":"status-publish","4":"has-post-thumbnail","6":"product_cat-endeavour-fr-2","7":"product_cat-perpetual-calendar-fr-2","9":"first","10":"instock","11":"shipping-taxable","12":"purchasable","13":"product-type-simple"},"acf":[],"_links":{"self":[{"href":"https:\/\/h-moser.com\/fr\/wp-json\/wp\/v2\/product\/115828","targetHints":{"allow":["GET"]}}],"collection":[{"href":"https:\/\/h-moser.com\/fr\/wp-json\/wp\/v2\/product"}],"about":[{"href":"https:\/\/h-moser.com\/fr\/wp-json\/wp\/v2\/types\/product"}],"wp:featuredmedia":[{"embeddable":true,"href":"https:\/\/h-moser.com\/fr\/wp-json\/wp\/v2\/media\/115820"}],"wp:attachment":[{"href":"https:\/\/h-moser.com\/fr\/wp-json\/wp\/v2\/media?parent=115828"}],"wp:term":[{"taxonomy":"product_brand","embeddable":true,"href":"https:\/\/h-moser.com\/fr\/wp-json\/wp\/v2\/product_brand?post=115828"},{"taxonomy":"product_cat","embeddable":true,"href":"https:\/\/h-moser.com\/fr\/wp-json\/wp\/v2\/product_cat?post=115828"},{"taxonomy":"product_tag","embeddable":true,"href":"https:\/\/h-moser.com\/fr\/wp-json\/wp\/v2\/product_tag?post=115828"}],"curies":[{"name":"wp","href":"https:\/\/api.w.org\/{rel}","templated":true}]}}