{"id":116013,"date":"2025-08-28T11:45:27","date_gmt":"2025-08-28T09:45:27","guid":{"rendered":"https:\/\/h-moser.com\/?post_type=product&#038;p=116013"},"modified":"2026-01-28T09:49:10","modified_gmt":"2026-01-28T08:49:10","slug":"pioneer-flying-hours-3240-0900","status":"publish","type":"product","link":"https:\/\/h-moser.com\/fr\/produit\/pioneer-flying-hours-3240-0900\/","title":{"rendered":"Pioneer Flying Hours Aventurine"},"content":{"rendered":"<p>Avez-vous d\u00e9j\u00e0 vu les heures danser\u00a0?<strong> Limit\u00e9e \u00e0 100\u00a0exemplaires <\/strong>seulement, la Pioneer Flying Hours en or rouge 5N et titane trait\u00e9 DLC noir est aussi rare que spectaculaire. Log\u00e9 dans un bo\u00eetier de 42,8\u00a0mm de diam\u00e8tre, son superbe cadran en aventurine brille comme un firmament \u00e9toil\u00e9 dans lequel trois satellites tournent en orbite autour d\u2019un disque squelett\u00e9 des minutes au centre. Ce remarquable affichage instantan\u00e9 est entra\u00een\u00e9 par le calibre HMC\u00a0240 qui transforme chaque heure qui passe en un moment th\u00e9\u00e2tral unique.<\/p>\n","protected":false},"excerpt":{"rendered":"<p>Avez-vous d\u00e9j\u00e0 vu les heures danser\u00a0? Limit\u00e9e \u00e0 100\u00a0exemplaires seulement, la Pioneer Flying Hours en or rouge 5N et titane trait\u00e9 DLC noir est aussi rare que spectaculaire. Log\u00e9 dans un bo\u00eetier de 42,8\u00a0mm de diam\u00e8tre, son superbe cadran en aventurine brille comme un firmament \u00e9toil\u00e9 dans lequel trois satellites tournent en orbite autour d\u2019un &hellip; <a href=\"https:\/\/h-moser.com\/fr\/produit\/pioneer-flying-hours-3240-0900\/\">Continued<\/a><\/p>\n","protected":false},"featured_media":115772,"template":"","meta":{"_acf_changed":false,"_seopress_robots_primary_cat":"273","_seopress_titles_title":"","_seopress_titles_desc":"","_seopress_robots_index":""},"product_brand":[],"product_cat":[2528,273],"product_tag":[],"class_list":{"0":"post-116013","1":"product","2":"type-product","3":"status-publish","4":"has-post-thumbnail","6":"product_cat-flying-hours-fr","7":"product_cat-pioneer-fr","9":"first","10":"instock","11":"shipping-taxable","12":"purchasable","13":"product-type-simple"},"acf":[],"_links":{"self":[{"href":"https:\/\/h-moser.com\/fr\/wp-json\/wp\/v2\/product\/116013","targetHints":{"allow":["GET"]}}],"collection":[{"href":"https:\/\/h-moser.com\/fr\/wp-json\/wp\/v2\/product"}],"about":[{"href":"https:\/\/h-moser.com\/fr\/wp-json\/wp\/v2\/types\/product"}],"wp:featuredmedia":[{"embeddable":true,"href":"https:\/\/h-moser.com\/fr\/wp-json\/wp\/v2\/media\/115772"}],"wp:attachment":[{"href":"https:\/\/h-moser.com\/fr\/wp-json\/wp\/v2\/media?parent=116013"}],"wp:term":[{"taxonomy":"product_brand","embeddable":true,"href":"https:\/\/h-moser.com\/fr\/wp-json\/wp\/v2\/product_brand?post=116013"},{"taxonomy":"product_cat","embeddable":true,"href":"https:\/\/h-moser.com\/fr\/wp-json\/wp\/v2\/product_cat?post=116013"},{"taxonomy":"product_tag","embeddable":true,"href":"https:\/\/h-moser.com\/fr\/wp-json\/wp\/v2\/product_tag?post=116013"}],"curies":[{"name":"wp","href":"https:\/\/api.w.org\/{rel}","templated":true}]}}