{"id":116017,"date":"2025-08-28T13:25:37","date_gmt":"2025-08-28T11:25:37","guid":{"rendered":"https:\/\/h-moser.com\/?post_type=product&#038;p=116017"},"modified":"2026-01-22T14:09:56","modified_gmt":"2026-01-22T13:09:56","slug":"pioneer-flying-hours-3240-1200","status":"publish","type":"product","link":"https:\/\/h-moser.com\/fr\/produit\/pioneer-flying-hours-3240-1200\/","title":{"rendered":"Pioneer Flying Hours White Fum\u00e9"},"content":{"rendered":"<p>Tr\u00e8s \u00e9pur\u00e9e, la Pioneer Flying Hours en acier n\u2019en est pas moins imposante\u00a0: son bo\u00eetier de 42,8\u00a0mm arbore un cadran White fum\u00e9 plein de fra\u00eecheur qui met en sc\u00e8ne des disques en orbite. Le calibre automatique HMC\u00a0240 anime cet affichage instantan\u00e9 et transforme chaque nouvelle heure en un moment parfaitement unique. Propos\u00e9 en \u00e9dition illimit\u00e9e, ce mod\u00e8le exceptionnel se distingue par sa sobri\u00e9t\u00e9 \u00e9clatante et sa simplicit\u00e9 spectaculaire.<\/p>\n","protected":false},"excerpt":{"rendered":"<p>Tr\u00e8s \u00e9pur\u00e9e, la Pioneer Flying Hours en acier n\u2019en est pas moins imposante\u00a0: son bo\u00eetier de 42,8\u00a0mm arbore un cadran White fum\u00e9 plein de fra\u00eecheur qui met en sc\u00e8ne des disques en orbite. Le calibre automatique HMC\u00a0240 anime cet affichage instantan\u00e9 et transforme chaque nouvelle heure en un moment parfaitement unique. Propos\u00e9 en \u00e9dition illimit\u00e9e, &hellip; <a href=\"https:\/\/h-moser.com\/fr\/produit\/pioneer-flying-hours-3240-1200\/\">Continued<\/a><\/p>\n","protected":false},"featured_media":115756,"template":"","meta":{"_acf_changed":false,"_seopress_robots_primary_cat":"273","_seopress_titles_title":"","_seopress_titles_desc":"","_seopress_robots_index":""},"product_brand":[],"product_cat":[2528,273],"product_tag":[],"class_list":{"0":"post-116017","1":"product","2":"type-product","3":"status-publish","4":"has-post-thumbnail","6":"product_cat-flying-hours-fr","7":"product_cat-pioneer-fr","9":"first","10":"instock","11":"shipping-taxable","12":"purchasable","13":"product-type-simple"},"acf":[],"_links":{"self":[{"href":"https:\/\/h-moser.com\/fr\/wp-json\/wp\/v2\/product\/116017","targetHints":{"allow":["GET"]}}],"collection":[{"href":"https:\/\/h-moser.com\/fr\/wp-json\/wp\/v2\/product"}],"about":[{"href":"https:\/\/h-moser.com\/fr\/wp-json\/wp\/v2\/types\/product"}],"wp:featuredmedia":[{"embeddable":true,"href":"https:\/\/h-moser.com\/fr\/wp-json\/wp\/v2\/media\/115756"}],"wp:attachment":[{"href":"https:\/\/h-moser.com\/fr\/wp-json\/wp\/v2\/media?parent=116017"}],"wp:term":[{"taxonomy":"product_brand","embeddable":true,"href":"https:\/\/h-moser.com\/fr\/wp-json\/wp\/v2\/product_brand?post=116017"},{"taxonomy":"product_cat","embeddable":true,"href":"https:\/\/h-moser.com\/fr\/wp-json\/wp\/v2\/product_cat?post=116017"},{"taxonomy":"product_tag","embeddable":true,"href":"https:\/\/h-moser.com\/fr\/wp-json\/wp\/v2\/product_tag?post=116017"}],"curies":[{"name":"wp","href":"https:\/\/api.w.org\/{rel}","templated":true}]}}