{"id":116967,"date":"2025-09-25T17:03:25","date_gmt":"2025-09-25T15:03:25","guid":{"rendered":"https:\/\/h-moser.com\/?post_type=product&#038;p=116967"},"modified":"2025-10-01T12:51:49","modified_gmt":"2025-10-01T10:51:49","slug":"streamliner-tourbillon-6805-0410","status":"publish","type":"product","link":"https:\/\/h-moser.com\/fr\/produit\/streamliner-tourbillon-6805-0410\/","title":{"rendered":"Streamliner Tourbillon Pierre Gasly Edition"},"content":{"rendered":"<p>D\u00e9couvrez le Streamliner Tourbillon Pierre Gasly, cr\u00e9\u00e9 en \u00e9troite collaboration avec l\u2019esprit rebelle de la F1. En travaillant de concert avec nos horlogers, Pierre a fa\u00e7onn\u00e9 chaque d\u00e9tail, de la s\u00e9lection du mouvement au choix de l\u2019intense cadran Chocolate fum\u00e9 (un nom qu\u2019il a \u00e9galement choisi). Limit\u00e9 \u00e0 100\u00a0exemplaires, le garde-temps poss\u00e8de un bo\u00eetier Streamliner en or rouge 5N. Son tourbillon volant 1\u00a0minute \u2013\u00a0le choix de Pierre\u00a0\u2013 est entra\u00een\u00e9 par le calibre automatique HMC\u00a0805 \u00e9quip\u00e9 d\u2019un double spiral de manufacture.<\/p>\n","protected":false},"excerpt":{"rendered":"<p>D\u00e9couvrez le Streamliner Tourbillon Pierre Gasly, cr\u00e9\u00e9 en \u00e9troite collaboration avec l\u2019esprit rebelle de la F1. En travaillant de concert avec nos horlogers, Pierre a fa\u00e7onn\u00e9 chaque d\u00e9tail, de la s\u00e9lection du mouvement au choix de l\u2019intense cadran Chocolate fum\u00e9 (un nom qu\u2019il a \u00e9galement choisi). Limit\u00e9 \u00e0 100\u00a0exemplaires, le garde-temps poss\u00e8de un bo\u00eetier Streamliner &hellip; <a href=\"https:\/\/h-moser.com\/fr\/produit\/streamliner-tourbillon-6805-0410\/\">Continued<\/a><\/p>\n","protected":false},"featured_media":117097,"template":"","meta":{"_acf_changed":false,"_seopress_robots_primary_cat":"none","_seopress_titles_title":"","_seopress_titles_desc":"","_seopress_robots_index":""},"product_brand":[],"product_cat":[99,2539],"product_tag":[],"class_list":{"0":"post-116967","1":"product","2":"type-product","3":"status-publish","4":"has-post-thumbnail","6":"product_cat-streamliner-fr","7":"product_cat-tourbillon-pierre-gasly-fr","9":"first","10":"instock","11":"shipping-taxable","12":"purchasable","13":"product-type-simple"},"acf":[],"_links":{"self":[{"href":"https:\/\/h-moser.com\/fr\/wp-json\/wp\/v2\/product\/116967","targetHints":{"allow":["GET"]}}],"collection":[{"href":"https:\/\/h-moser.com\/fr\/wp-json\/wp\/v2\/product"}],"about":[{"href":"https:\/\/h-moser.com\/fr\/wp-json\/wp\/v2\/types\/product"}],"wp:featuredmedia":[{"embeddable":true,"href":"https:\/\/h-moser.com\/fr\/wp-json\/wp\/v2\/media\/117097"}],"wp:attachment":[{"href":"https:\/\/h-moser.com\/fr\/wp-json\/wp\/v2\/media?parent=116967"}],"wp:term":[{"taxonomy":"product_brand","embeddable":true,"href":"https:\/\/h-moser.com\/fr\/wp-json\/wp\/v2\/product_brand?post=116967"},{"taxonomy":"product_cat","embeddable":true,"href":"https:\/\/h-moser.com\/fr\/wp-json\/wp\/v2\/product_cat?post=116967"},{"taxonomy":"product_tag","embeddable":true,"href":"https:\/\/h-moser.com\/fr\/wp-json\/wp\/v2\/product_tag?post=116967"}],"curies":[{"name":"wp","href":"https:\/\/api.w.org\/{rel}","templated":true}]}}