{"id":116974,"date":"2025-09-25T17:00:56","date_gmt":"2025-09-25T15:00:56","guid":{"rendered":"https:\/\/h-moser.com\/?post_type=product&#038;p=116974"},"modified":"2025-10-01T12:54:43","modified_gmt":"2025-10-01T10:54:43","slug":"streamliner-tourbillon-6805-0411","status":"publish","type":"product","link":"https:\/\/h-moser.com\/fr\/produit\/streamliner-tourbillon-6805-0411\/","title":{"rendered":"Streamliner Tourbillon Pierre Gasly Edition on Gold"},"content":{"rendered":"<p>\u00c9dition ultra-limit\u00e9e du Streamliner Tourbillon Pierre Gasly, cette pi\u00e8ce \u00e0 l\u2019esprit rebelle de la F1 est extr\u00eamement personnelle. Le somptueux cadran Chocolate fum\u00e9 est serti d\u2019un rubis rouge \u00e0 dix heures, un clin d\u2019\u0153il \u00e0 son num\u00e9ro de pilote, le 10 \u2013\u00a0un chiffre qui le suit depuis le d\u00e9but de sa carri\u00e8re. Le bo\u00eetier Streamliner en or rouge 5N accueille un tourbillon volant 1\u00a0minute, une complication choisie par Pierre. Le garde-temps est entra\u00een\u00e9 par le calibre automatique HMC\u00a0805 \u00e9quip\u00e9 d\u2019un double spiral con\u00e7u et produit en interne. Limit\u00e9 \u00e0 seulement 10\u00a0exemplaires, le mod\u00e8le est muni d\u2019un bracelet en or rouge 5N enti\u00e8rement int\u00e9gr\u00e9 qui prolonge naturellement le bo\u00eetier et cr\u00e9e une silhouette fluide. Un dix sur dix, \u00e0 tous les \u00e9gards.<\/p>\n","protected":false},"excerpt":{"rendered":"<p>\u00c9dition ultra-limit\u00e9e du Streamliner Tourbillon Pierre Gasly, cette pi\u00e8ce \u00e0 l\u2019esprit rebelle de la F1 est extr\u00eamement personnelle. Le somptueux cadran Chocolate fum\u00e9 est serti d\u2019un rubis rouge \u00e0 dix heures, un clin d\u2019\u0153il \u00e0 son num\u00e9ro de pilote, le 10 \u2013\u00a0un chiffre qui le suit depuis le d\u00e9but de sa carri\u00e8re. Le bo\u00eetier Streamliner &hellip; <a href=\"https:\/\/h-moser.com\/fr\/produit\/streamliner-tourbillon-6805-0411\/\">Continued<\/a><\/p>\n","protected":false},"featured_media":116786,"template":"","meta":{"_acf_changed":false,"_seopress_robots_primary_cat":"none","_seopress_titles_title":"","_seopress_titles_desc":"","_seopress_robots_index":""},"product_brand":[],"product_cat":[99,2539],"product_tag":[],"class_list":{"0":"post-116974","1":"product","2":"type-product","3":"status-publish","4":"has-post-thumbnail","6":"product_cat-streamliner-fr","7":"product_cat-tourbillon-pierre-gasly-fr","9":"first","10":"instock","11":"shipping-taxable","12":"purchasable","13":"product-type-simple"},"acf":[],"_links":{"self":[{"href":"https:\/\/h-moser.com\/fr\/wp-json\/wp\/v2\/product\/116974","targetHints":{"allow":["GET"]}}],"collection":[{"href":"https:\/\/h-moser.com\/fr\/wp-json\/wp\/v2\/product"}],"about":[{"href":"https:\/\/h-moser.com\/fr\/wp-json\/wp\/v2\/types\/product"}],"wp:featuredmedia":[{"embeddable":true,"href":"https:\/\/h-moser.com\/fr\/wp-json\/wp\/v2\/media\/116786"}],"wp:attachment":[{"href":"https:\/\/h-moser.com\/fr\/wp-json\/wp\/v2\/media?parent=116974"}],"wp:term":[{"taxonomy":"product_brand","embeddable":true,"href":"https:\/\/h-moser.com\/fr\/wp-json\/wp\/v2\/product_brand?post=116974"},{"taxonomy":"product_cat","embeddable":true,"href":"https:\/\/h-moser.com\/fr\/wp-json\/wp\/v2\/product_cat?post=116974"},{"taxonomy":"product_tag","embeddable":true,"href":"https:\/\/h-moser.com\/fr\/wp-json\/wp\/v2\/product_tag?post=116974"}],"curies":[{"name":"wp","href":"https:\/\/api.w.org\/{rel}","templated":true}]}}