{"id":117739,"date":"2025-11-27T09:39:11","date_gmt":"2025-11-27T08:39:11","guid":{"rendered":"https:\/\/h-moser.com\/?post_type=product&#038;p=117739"},"modified":"2025-12-03T11:07:49","modified_gmt":"2025-12-03T10:07:49","slug":"streamliner-genesis-two-6203-1200","status":"publish","type":"product","link":"https:\/\/h-moser.com\/fr\/produit\/streamliner-genesis-two-6203-1200\/","title":{"rendered":"Streamliner Genesis 2"},"content":{"rendered":"<p>D\u00e9couvrez l\u2019Acte II de la trilogie Genesis. Ancr\u00e9e dans le tangible, la Streamliner Genesis 2 r\u00e9unit un bo\u00eetier en acier de forme coussin et un bracelet int\u00e9gr\u00e9 qui respecte les lignes fluides et les finitions embl\u00e9matiques de la Streamliner. C\u00f4t\u00e9 cadran, le Vantablack\u00ae absorbe 99,965 % de la lumi\u00e8re et g\u00e9n\u00e8re ainsi un noir absolu qui fait ressortir les aiguilles. Leur forme pixelis\u00e9e s\u2019\u00e9tend jusqu\u2019\u00e0 la couronne en titane imprim\u00e9 3D \u2013 un clin d\u2019\u0153il \u00e0 la premi\u00e8re Genesis. Cette \u00e9dition limit\u00e9e entra\u00een\u00e9e par le HMC 203 marque le deuxi\u00e8me volet du triptyque : un retour \u00e0 la mati\u00e8re.<\/p>\n<p><strong>La Streamliner Genesis 2 est disponible exclusivement pour les propri\u00e9taires de la Genesis 1.<\/strong><\/p>\n","protected":false},"excerpt":{"rendered":"<p>D\u00e9couvrez l\u2019Acte II de la trilogie Genesis. Ancr\u00e9e dans le tangible, la Streamliner Genesis 2 r\u00e9unit un bo\u00eetier en acier de forme coussin et un bracelet int\u00e9gr\u00e9 qui respecte les lignes fluides et les finitions embl\u00e9matiques de la Streamliner. C\u00f4t\u00e9 cadran, le Vantablack\u00ae absorbe 99,965 % de la lumi\u00e8re et g\u00e9n\u00e8re ainsi un noir absolu &hellip; <a href=\"https:\/\/h-moser.com\/fr\/produit\/streamliner-genesis-two-6203-1200\/\">Continued<\/a><\/p>\n","protected":false},"featured_media":117628,"template":"","meta":{"_acf_changed":false,"_seopress_robots_primary_cat":"none","_seopress_titles_title":"","_seopress_titles_desc":"","_seopress_robots_index":""},"product_brand":[],"product_cat":[99],"product_tag":[],"class_list":{"0":"post-117739","1":"product","2":"type-product","3":"status-publish","4":"has-post-thumbnail","6":"product_cat-streamliner-fr","8":"first","9":"inaccessible","10":"shipping-taxable","11":"purchasable","12":"product-type-simple"},"acf":[],"_links":{"self":[{"href":"https:\/\/h-moser.com\/fr\/wp-json\/wp\/v2\/product\/117739","targetHints":{"allow":["GET"]}}],"collection":[{"href":"https:\/\/h-moser.com\/fr\/wp-json\/wp\/v2\/product"}],"about":[{"href":"https:\/\/h-moser.com\/fr\/wp-json\/wp\/v2\/types\/product"}],"wp:featuredmedia":[{"embeddable":true,"href":"https:\/\/h-moser.com\/fr\/wp-json\/wp\/v2\/media\/117628"}],"wp:attachment":[{"href":"https:\/\/h-moser.com\/fr\/wp-json\/wp\/v2\/media?parent=117739"}],"wp:term":[{"taxonomy":"product_brand","embeddable":true,"href":"https:\/\/h-moser.com\/fr\/wp-json\/wp\/v2\/product_brand?post=117739"},{"taxonomy":"product_cat","embeddable":true,"href":"https:\/\/h-moser.com\/fr\/wp-json\/wp\/v2\/product_cat?post=117739"},{"taxonomy":"product_tag","embeddable":true,"href":"https:\/\/h-moser.com\/fr\/wp-json\/wp\/v2\/product_tag?post=117739"}],"curies":[{"name":"wp","href":"https:\/\/api.w.org\/{rel}","templated":true}]}}