{"id":118147,"date":"2026-01-28T10:17:47","date_gmt":"2026-01-28T09:17:47","guid":{"rendered":"https:\/\/h-moser.com\/?post_type=product&#038;p=118147"},"modified":"2026-01-28T10:24:23","modified_gmt":"2026-01-28T09:24:23","slug":"endeavour-tourbillon-skeleton-1814-0400","status":"publish","type":"product","link":"https:\/\/h-moser.com\/fr\/produit\/endeavour-tourbillon-skeleton-1814-0400\/","title":{"rendered":"Endeavour Tourbillon Skeleton"},"content":{"rendered":"<p>Une expression de notre philosophie minimaliste, pouss\u00e9e \u00e0 l\u2019extr\u00eame. Enti\u00e8rement ajour\u00e9, l\u2019Endeavour Tourbillon Skeleton est r\u00e9duit \u00e0 l\u2019essentiel et ne contient rien de plus. Le tempo est donn\u00e9 par un tourbillon volant 1 minute muni d\u2019un double spiral et visible dans son int\u00e9gralit\u00e9. Dot\u00e9e d\u2019un bo\u00eetier en or rouge 5N de 40 mm et entra\u00een\u00e9e par le calibre HMC 814 squelettis\u00e9, cette montre s\u2019adresse \u00e0 ceux qui pr\u00f4nent le moins. Ceux qui pensent que la restriction offre la meilleure forme de r\u00e9v\u00e9lation.<\/p>\n","protected":false},"excerpt":{"rendered":"<p>Une expression de notre philosophie minimaliste, pouss\u00e9e \u00e0 l\u2019extr\u00eame. Enti\u00e8rement ajour\u00e9, l\u2019Endeavour Tourbillon Skeleton est r\u00e9duit \u00e0 l\u2019essentiel et ne contient rien de plus. Le tempo est donn\u00e9 par un tourbillon volant 1 minute muni d\u2019un double spiral et visible dans son int\u00e9gralit\u00e9. Dot\u00e9e d\u2019un bo\u00eetier en or rouge 5N de 40 mm et entra\u00een\u00e9e &hellip; <a href=\"https:\/\/h-moser.com\/fr\/produit\/endeavour-tourbillon-skeleton-1814-0400\/\">Continued<\/a><\/p>\n","protected":false},"featured_media":118118,"template":"","meta":{"_acf_changed":false,"_seopress_robots_primary_cat":"none","_seopress_titles_title":"","_seopress_titles_desc":"","_seopress_robots_index":""},"product_brand":[],"product_cat":[168,218],"product_tag":[],"class_list":{"0":"post-118147","1":"product","2":"type-product","3":"status-publish","4":"has-post-thumbnail","6":"product_cat-endeavour-fr-2","7":"product_cat-tourbillon-fr","9":"first","10":"instock","11":"shipping-taxable","12":"purchasable","13":"product-type-simple"},"acf":[],"_links":{"self":[{"href":"https:\/\/h-moser.com\/fr\/wp-json\/wp\/v2\/product\/118147","targetHints":{"allow":["GET"]}}],"collection":[{"href":"https:\/\/h-moser.com\/fr\/wp-json\/wp\/v2\/product"}],"about":[{"href":"https:\/\/h-moser.com\/fr\/wp-json\/wp\/v2\/types\/product"}],"wp:featuredmedia":[{"embeddable":true,"href":"https:\/\/h-moser.com\/fr\/wp-json\/wp\/v2\/media\/118118"}],"wp:attachment":[{"href":"https:\/\/h-moser.com\/fr\/wp-json\/wp\/v2\/media?parent=118147"}],"wp:term":[{"taxonomy":"product_brand","embeddable":true,"href":"https:\/\/h-moser.com\/fr\/wp-json\/wp\/v2\/product_brand?post=118147"},{"taxonomy":"product_cat","embeddable":true,"href":"https:\/\/h-moser.com\/fr\/wp-json\/wp\/v2\/product_cat?post=118147"},{"taxonomy":"product_tag","embeddable":true,"href":"https:\/\/h-moser.com\/fr\/wp-json\/wp\/v2\/product_tag?post=118147"}],"curies":[{"name":"wp","href":"https:\/\/api.w.org\/{rel}","templated":true}]}}