{"id":118396,"date":"2026-02-18T10:04:27","date_gmt":"2026-02-18T09:04:27","guid":{"rendered":"https:\/\/h-moser.com\/?post_type=product&#038;p=118396"},"modified":"2026-02-18T10:21:10","modified_gmt":"2026-02-18T09:21:10","slug":"streamliner-tourbillon-6805-2100","status":"publish","type":"product","link":"https:\/\/h-moser.com\/fr\/produit\/streamliner-tourbillon-6805-2100\/","title":{"rendered":"Streamliner Tourbillon Concept Ceramic"},"content":{"rendered":"<p>D\u00e9couvrez notre toute premi\u00e8re cr\u00e9ation en c\u00e9ramique : le Streamliner Tourbillon Concept Ceramic. Ce mat\u00e9riau r\u00e9fractaire met parfaitement en valeur les lignes fluides de la Streamliner. Le bo\u00eetier de forme coussin et le bracelet int\u00e9gr\u00e9 de la montre sont coul\u00e9s en c\u00e9ramique gris anthracite intense, cr\u00e9ant un superbe contraste avec le cadran Red fum\u00e9 en \u00e9mail Grand Feu flamboyant. Le garde-temps semble litt\u00e9ralement s\u2019embraser. Plac\u00e9 \u00e0 six heures, le tourbillon volant \u00e9quip\u00e9 de notre double spiral signature compl\u00e8te l\u2019une de nos montres les plus absolues \u00e0 ce jour.<\/p>\n","protected":false},"excerpt":{"rendered":"<p>D\u00e9couvrez notre toute premi\u00e8re cr\u00e9ation en c\u00e9ramique : le Streamliner Tourbillon Concept Ceramic. Ce mat\u00e9riau r\u00e9fractaire met parfaitement en valeur les lignes fluides de la Streamliner. Le bo\u00eetier de forme coussin et le bracelet int\u00e9gr\u00e9 de la montre sont coul\u00e9s en c\u00e9ramique gris anthracite intense, cr\u00e9ant un superbe contraste avec le cadran Red fum\u00e9 en &hellip; <a href=\"https:\/\/h-moser.com\/fr\/produit\/streamliner-tourbillon-6805-2100\/\">Continued<\/a><\/p>\n","protected":false},"featured_media":118434,"template":"","meta":{"_acf_changed":false,"_seopress_robots_primary_cat":"none","_seopress_titles_title":"","_seopress_titles_desc":"","_seopress_robots_index":""},"product_brand":[],"product_cat":[99,1680],"product_tag":[],"class_list":{"0":"post-118396","1":"product","2":"type-product","3":"status-publish","4":"has-post-thumbnail","6":"product_cat-streamliner-fr","7":"product_cat-tourbillon-fr-2","9":"first","10":"instock","11":"shipping-taxable","12":"purchasable","13":"product-type-simple"},"acf":[],"_links":{"self":[{"href":"https:\/\/h-moser.com\/fr\/wp-json\/wp\/v2\/product\/118396","targetHints":{"allow":["GET"]}}],"collection":[{"href":"https:\/\/h-moser.com\/fr\/wp-json\/wp\/v2\/product"}],"about":[{"href":"https:\/\/h-moser.com\/fr\/wp-json\/wp\/v2\/types\/product"}],"wp:featuredmedia":[{"embeddable":true,"href":"https:\/\/h-moser.com\/fr\/wp-json\/wp\/v2\/media\/118434"}],"wp:attachment":[{"href":"https:\/\/h-moser.com\/fr\/wp-json\/wp\/v2\/media?parent=118396"}],"wp:term":[{"taxonomy":"product_brand","embeddable":true,"href":"https:\/\/h-moser.com\/fr\/wp-json\/wp\/v2\/product_brand?post=118396"},{"taxonomy":"product_cat","embeddable":true,"href":"https:\/\/h-moser.com\/fr\/wp-json\/wp\/v2\/product_cat?post=118396"},{"taxonomy":"product_tag","embeddable":true,"href":"https:\/\/h-moser.com\/fr\/wp-json\/wp\/v2\/product_tag?post=118396"}],"curies":[{"name":"wp","href":"https:\/\/api.w.org\/{rel}","templated":true}]}}