{"id":118556,"date":"2026-03-02T09:46:21","date_gmt":"2026-03-02T08:46:21","guid":{"rendered":"https:\/\/h-moser.com\/?post_type=product&#038;p=118556"},"modified":"2026-03-02T09:58:47","modified_gmt":"2026-03-02T08:58:47","slug":"streamliner-flyback-chronograph-skeleton-6700-1201","status":"publish","type":"product","link":"https:\/\/h-moser.com\/fr\/produit\/streamliner-flyback-chronograph-skeleton-6700-1201\/","title":{"rendered":"Streamliner Alpine Drivers and Mechanics Pink Editions"},"content":{"rendered":"<p>La Streamliner Alpine Drivers Pink Edition d\u00e9boule sur la piste toute par\u00e9e de rose, un look inspir\u00e9 par la seconde livr\u00e9e de BWT Alpine Formula One Team qui ne passe pas inaper\u00e7u. N\u00e9 d\u2019une \u00e9troite collaboration avec l\u2019\u00e9curie Alpine, c\u2019est un mod\u00e8le que vous connaissez, dans une nouvelle nuance. Tous les ravissants petits d\u00e9tails sont toujours de la partie : les deux ponts en forme de V \u00e9voquent la suspension de la monoplace. Le pont central c\u00f4t\u00e9 fond de bo\u00eete fait penser \u00e0 un casque de course. Le rotor ajour\u00e9 ressemble \u00e0 une jante de roue de l\u2019Alpine A110. L\u2019ensemble est entra\u00een\u00e9 par le HMC 700, notre premier mouvement chronographe enti\u00e8rement squelettis\u00e9, \u00e9quip\u00e9 d\u2019une fonction de retour en vol pour un chronom\u00e9trage pr\u00e9cis et instantan\u00e9. L\u2019adr\u00e9naline \u00e0 l\u2019\u00e9tat pur. D\u00e9sormais en rose.<\/p>\n","protected":false},"excerpt":{"rendered":"<p>La Streamliner Alpine Drivers Pink Edition d\u00e9boule sur la piste toute par\u00e9e de rose, un look inspir\u00e9 par la seconde livr\u00e9e de BWT Alpine Formula One Team qui ne passe pas inaper\u00e7u. N\u00e9 d\u2019une \u00e9troite collaboration avec l\u2019\u00e9curie Alpine, c\u2019est un mod\u00e8le que vous connaissez, dans une nouvelle nuance. Tous les ravissants petits d\u00e9tails sont &hellip; <a href=\"https:\/\/h-moser.com\/fr\/produit\/streamliner-flyback-chronograph-skeleton-6700-1201\/\">Continued<\/a><\/p>\n","protected":false},"featured_media":118511,"template":"","meta":{"_acf_changed":false,"_seopress_robots_primary_cat":"none","_seopress_titles_title":"","_seopress_titles_desc":"","_seopress_robots_index":""},"product_brand":[],"product_cat":[1961,99],"product_tag":[],"class_list":{"0":"post-118556","1":"product","2":"type-product","3":"status-publish","4":"has-post-thumbnail","6":"product_cat-alpine-limited-edition-fr","7":"product_cat-streamliner-fr","9":"first","10":"instock","11":"shipping-taxable","12":"purchasable","13":"product-type-simple"},"acf":[],"_links":{"self":[{"href":"https:\/\/h-moser.com\/fr\/wp-json\/wp\/v2\/product\/118556","targetHints":{"allow":["GET"]}}],"collection":[{"href":"https:\/\/h-moser.com\/fr\/wp-json\/wp\/v2\/product"}],"about":[{"href":"https:\/\/h-moser.com\/fr\/wp-json\/wp\/v2\/types\/product"}],"wp:featuredmedia":[{"embeddable":true,"href":"https:\/\/h-moser.com\/fr\/wp-json\/wp\/v2\/media\/118511"}],"wp:attachment":[{"href":"https:\/\/h-moser.com\/fr\/wp-json\/wp\/v2\/media?parent=118556"}],"wp:term":[{"taxonomy":"product_brand","embeddable":true,"href":"https:\/\/h-moser.com\/fr\/wp-json\/wp\/v2\/product_brand?post=118556"},{"taxonomy":"product_cat","embeddable":true,"href":"https:\/\/h-moser.com\/fr\/wp-json\/wp\/v2\/product_cat?post=118556"},{"taxonomy":"product_tag","embeddable":true,"href":"https:\/\/h-moser.com\/fr\/wp-json\/wp\/v2\/product_tag?post=118556"}],"curies":[{"name":"wp","href":"https:\/\/api.w.org\/{rel}","templated":true}]}}