{"id":119213,"date":"2026-04-14T10:50:03","date_gmt":"2026-04-14T08:50:03","guid":{"rendered":"https:\/\/h-moser.com\/?post_type=product&#038;p=119213"},"modified":"2026-04-14T10:51:46","modified_gmt":"2026-04-14T08:51:46","slug":"endeavour-minute-repeater-cylindrical-tourbillon-skeleton-1909-0500","status":"publish","type":"product","link":"https:\/\/h-moser.com\/fr\/produit\/endeavour-minute-repeater-cylindrical-tourbillon-skeleton-1909-0500\/","title":{"rendered":"Endeavour Minute Repeater Cylindrical Tourbillon Skeleton"},"content":{"rendered":"<p>Avec l\u2019Endeavour Minute Repeater Cylindrical Tourbillon Skeleton, H. Moser &#038; Cie. r\u00e9unit trois expressions horlog\u00e8res qui comptent parmi les plus exigeantes : une architecture enti\u00e8rement squelett\u00e9e, une r\u00e9p\u00e9tition minutes introduite c\u00f4t\u00e9 cadran et un tourbillon volant \u00e9quip\u00e9 d\u2019un spiral cylindrique. Chaque \u00e9l\u00e9ment se distingue par sa propre complexit\u00e9. Ensemble, ils cr\u00e9ent une montre unique qui fait la part belle \u00e0 l\u2019interaction du son, du mouvement et de la structure.<\/p>\n","protected":false},"excerpt":{"rendered":"<p>Avec l\u2019Endeavour Minute Repeater Cylindrical Tourbillon Skeleton, H. Moser &#038; Cie. r\u00e9unit trois expressions horlog\u00e8res qui comptent parmi les plus exigeantes : une architecture enti\u00e8rement squelett\u00e9e, une r\u00e9p\u00e9tition minutes introduite c\u00f4t\u00e9 cadran et un tourbillon volant \u00e9quip\u00e9 d\u2019un spiral cylindrique. Chaque \u00e9l\u00e9ment se distingue par sa propre complexit\u00e9. Ensemble, ils cr\u00e9ent une montre unique qui &hellip; <a href=\"https:\/\/h-moser.com\/fr\/produit\/endeavour-minute-repeater-cylindrical-tourbillon-skeleton-1909-0500\/\">Continued<\/a><\/p>\n","protected":false},"featured_media":118916,"template":"","meta":{"_acf_changed":false,"_seopress_robots_primary_cat":"none","_seopress_titles_title":"","_seopress_titles_desc":"","_seopress_robots_index":""},"product_brand":[],"product_cat":[168,192],"product_tag":[],"class_list":{"0":"post-119213","1":"product","2":"type-product","3":"status-publish","4":"has-post-thumbnail","6":"product_cat-endeavour-fr-2","7":"product_cat-minute-repeater-fr","9":"first","10":"instock","11":"shipping-taxable","12":"product-type-simple"},"acf":[],"_links":{"self":[{"href":"https:\/\/h-moser.com\/fr\/wp-json\/wp\/v2\/product\/119213","targetHints":{"allow":["GET"]}}],"collection":[{"href":"https:\/\/h-moser.com\/fr\/wp-json\/wp\/v2\/product"}],"about":[{"href":"https:\/\/h-moser.com\/fr\/wp-json\/wp\/v2\/types\/product"}],"wp:featuredmedia":[{"embeddable":true,"href":"https:\/\/h-moser.com\/fr\/wp-json\/wp\/v2\/media\/118916"}],"wp:attachment":[{"href":"https:\/\/h-moser.com\/fr\/wp-json\/wp\/v2\/media?parent=119213"}],"wp:term":[{"taxonomy":"product_brand","embeddable":true,"href":"https:\/\/h-moser.com\/fr\/wp-json\/wp\/v2\/product_brand?post=119213"},{"taxonomy":"product_cat","embeddable":true,"href":"https:\/\/h-moser.com\/fr\/wp-json\/wp\/v2\/product_cat?post=119213"},{"taxonomy":"product_tag","embeddable":true,"href":"https:\/\/h-moser.com\/fr\/wp-json\/wp\/v2\/product_tag?post=119213"}],"curies":[{"name":"wp","href":"https:\/\/api.w.org\/{rel}","templated":true}]}}