{"id":119217,"date":"2026-04-14T10:45:03","date_gmt":"2026-04-14T08:45:03","guid":{"rendered":"https:\/\/h-moser.com\/?post_type=product&#038;p=119217"},"modified":"2026-04-14T10:45:03","modified_gmt":"2026-04-14T08:45:03","slug":"endeavour-perpetual-calendar-1800-2004","status":"publish","type":"product","link":"https:\/\/h-moser.com\/fr\/produit\/endeavour-perpetual-calendar-1800-2004\/","title":{"rendered":"Endeavour Perpetual Calendar Concept Tantalum"},"content":{"rendered":"<p>L\u2019Endeavour Perpetual Calendar Concept Tantalum pousse dans ses derniers retranchements l\u2019une de nos complications les plus iconiques. Le calendrier perp\u00e9tuel de Moser, r\u00e9put\u00e9 pour sa clart\u00e9 et sa facilit\u00e9 d\u2019utilisation, a \u00e9t\u00e9 d\u00e9pouill\u00e9 de tout \u00e9l\u00e9ment superflu : pas de logo, pas d\u2019index&#8230; pas de distraction. Uniquement les informations cl\u00e9s, livr\u00e9es dans un mat\u00e9riau rare et exigeant. Un mod\u00e8le limit\u00e9 \u00e0 50 exemplaires.<\/p>\n","protected":false},"excerpt":{"rendered":"<p>L\u2019Endeavour Perpetual Calendar Concept Tantalum pousse dans ses derniers retranchements l\u2019une de nos complications les plus iconiques. Le calendrier perp\u00e9tuel de Moser, r\u00e9put\u00e9 pour sa clart\u00e9 et sa facilit\u00e9 d\u2019utilisation, a \u00e9t\u00e9 d\u00e9pouill\u00e9 de tout \u00e9l\u00e9ment superflu : pas de logo, pas d\u2019index&#8230; pas de distraction. Uniquement les informations cl\u00e9s, livr\u00e9es dans un mat\u00e9riau rare &hellip; <a href=\"https:\/\/h-moser.com\/fr\/produit\/endeavour-perpetual-calendar-1800-2004\/\">Continued<\/a><\/p>\n","protected":false},"featured_media":118959,"template":"","meta":{"_acf_changed":false,"_seopress_robots_primary_cat":"none","_seopress_titles_title":"","_seopress_titles_desc":"","_seopress_robots_index":""},"product_brand":[],"product_cat":[168,198],"product_tag":[],"class_list":{"0":"post-119217","1":"product","2":"type-product","3":"status-publish","4":"has-post-thumbnail","6":"product_cat-endeavour-fr-2","7":"product_cat-perpetual-calendar-fr-2","9":"first","10":"instock","11":"shipping-taxable","12":"purchasable","13":"product-type-simple"},"acf":[],"_links":{"self":[{"href":"https:\/\/h-moser.com\/fr\/wp-json\/wp\/v2\/product\/119217","targetHints":{"allow":["GET"]}}],"collection":[{"href":"https:\/\/h-moser.com\/fr\/wp-json\/wp\/v2\/product"}],"about":[{"href":"https:\/\/h-moser.com\/fr\/wp-json\/wp\/v2\/types\/product"}],"wp:featuredmedia":[{"embeddable":true,"href":"https:\/\/h-moser.com\/fr\/wp-json\/wp\/v2\/media\/118959"}],"wp:attachment":[{"href":"https:\/\/h-moser.com\/fr\/wp-json\/wp\/v2\/media?parent=119217"}],"wp:term":[{"taxonomy":"product_brand","embeddable":true,"href":"https:\/\/h-moser.com\/fr\/wp-json\/wp\/v2\/product_brand?post=119217"},{"taxonomy":"product_cat","embeddable":true,"href":"https:\/\/h-moser.com\/fr\/wp-json\/wp\/v2\/product_cat?post=119217"},{"taxonomy":"product_tag","embeddable":true,"href":"https:\/\/h-moser.com\/fr\/wp-json\/wp\/v2\/product_tag?post=119217"}],"curies":[{"name":"wp","href":"https:\/\/api.w.org\/{rel}","templated":true}]}}