{"id":119294,"date":"2026-04-14T10:28:04","date_gmt":"2026-04-14T08:28:04","guid":{"rendered":"https:\/\/h-moser.com\/?post_type=product&#038;p=119294"},"modified":"2026-04-14T11:44:16","modified_gmt":"2026-04-14T09:44:16","slug":"streamliner-two-hands-6400-1200","status":"publish","type":"product","link":"https:\/\/h-moser.com\/fr\/produit\/streamliner-two-hands-6400-1200\/","title":{"rendered":"Streamliner Two Hands 34 mm"},"content":{"rendered":"<p>Avec la Streamliner Two Hands 34 mm, H. Moser &#038; Cie. s\u2019aventure sur un terrain tr\u00e8s convoit\u00e9 : celui du petit diam\u00e8tre m\u00e9canique, pens\u00e9 non pas comme une concession, mais comme un aboutissement. L\u2019ADN de la Streamliner avec les m\u00eames crit\u00e8res intransigeants, mais recalibr\u00e9 pour les poignets plus fins et r\u00e9duit \u00e0 l\u2019essentiel : deux aiguilles. Pas d\u2019aiguille des secondes. Pas de distraction.<\/p>\n","protected":false},"excerpt":{"rendered":"<p>Avec la Streamliner Two Hands 34 mm, H. Moser &#038; Cie. s\u2019aventure sur un terrain tr\u00e8s convoit\u00e9 : celui du petit diam\u00e8tre m\u00e9canique, pens\u00e9 non pas comme une concession, mais comme un aboutissement. L\u2019ADN de la Streamliner avec les m\u00eames crit\u00e8res intransigeants, mais recalibr\u00e9 pour les poignets plus fins et r\u00e9duit \u00e0 l\u2019essentiel : deux &hellip; <a href=\"https:\/\/h-moser.com\/fr\/produit\/streamliner-two-hands-6400-1200\/\">Continued<\/a><\/p>\n","protected":false},"featured_media":119018,"template":"","meta":{"_acf_changed":false,"_seopress_robots_primary_cat":"none","_seopress_titles_title":"","_seopress_titles_desc":"","_seopress_robots_index":""},"product_brand":[],"product_cat":[99,2663],"product_tag":[],"class_list":{"0":"post-119294","1":"product","2":"type-product","3":"status-publish","4":"has-post-thumbnail","6":"product_cat-streamliner-fr","7":"product_cat-two-hands-fr","9":"first","10":"instock","11":"shipping-taxable","12":"purchasable","13":"product-type-simple"},"acf":[],"_links":{"self":[{"href":"https:\/\/h-moser.com\/fr\/wp-json\/wp\/v2\/product\/119294","targetHints":{"allow":["GET"]}}],"collection":[{"href":"https:\/\/h-moser.com\/fr\/wp-json\/wp\/v2\/product"}],"about":[{"href":"https:\/\/h-moser.com\/fr\/wp-json\/wp\/v2\/types\/product"}],"wp:featuredmedia":[{"embeddable":true,"href":"https:\/\/h-moser.com\/fr\/wp-json\/wp\/v2\/media\/119018"}],"wp:attachment":[{"href":"https:\/\/h-moser.com\/fr\/wp-json\/wp\/v2\/media?parent=119294"}],"wp:term":[{"taxonomy":"product_brand","embeddable":true,"href":"https:\/\/h-moser.com\/fr\/wp-json\/wp\/v2\/product_brand?post=119294"},{"taxonomy":"product_cat","embeddable":true,"href":"https:\/\/h-moser.com\/fr\/wp-json\/wp\/v2\/product_cat?post=119294"},{"taxonomy":"product_tag","embeddable":true,"href":"https:\/\/h-moser.com\/fr\/wp-json\/wp\/v2\/product_tag?post=119294"}],"curies":[{"name":"wp","href":"https:\/\/api.w.org\/{rel}","templated":true}]}}