{"id":119298,"date":"2026-04-14T10:27:22","date_gmt":"2026-04-14T08:27:22","guid":{"rendered":"https:\/\/h-moser.com\/?post_type=product&#038;p=119298"},"modified":"2026-04-14T13:00:36","modified_gmt":"2026-04-14T11:00:36","slug":"streamliner-two-hands-6410-1200","status":"publish","type":"product","link":"https:\/\/h-moser.com\/fr\/produit\/streamliner-two-hands-6410-1200\/","title":{"rendered":"Streamliner Two Hands 28 mm"},"content":{"rendered":"<p>Petit ne signifie pas simple et certainement pas moins. Avec la Streamliner Two Hands 28 mm, H. Moser &#038; Cie. continue d\u2019explorer l\u2019horlogerie m\u00e9canique compacte dans laquelle le d\u00e9pouillement est synonyme de raffinement. L\u2019ADN de la Streamliner avec les m\u00eames crit\u00e8res intransigeants, mais recalibr\u00e9 pour les poignets les plus fins et r\u00e9duit \u00e0 l\u2019essentiel : deux aiguilles. Pas d\u2019aiguille des secondes. Pas de distraction.<\/p>\n","protected":false},"excerpt":{"rendered":"<p>Petit ne signifie pas simple et certainement pas moins. Avec la Streamliner Two Hands 28 mm, H. Moser &#038; Cie. continue d\u2019explorer l\u2019horlogerie m\u00e9canique compacte dans laquelle le d\u00e9pouillement est synonyme de raffinement. L\u2019ADN de la Streamliner avec les m\u00eames crit\u00e8res intransigeants, mais recalibr\u00e9 pour les poignets les plus fins et r\u00e9duit \u00e0 l\u2019essentiel : &hellip; <a href=\"https:\/\/h-moser.com\/fr\/produit\/streamliner-two-hands-6410-1200\/\">Continued<\/a><\/p>\n","protected":false},"featured_media":119069,"template":"","meta":{"_acf_changed":false,"_seopress_robots_primary_cat":"none","_seopress_titles_title":"","_seopress_titles_desc":"","_seopress_robots_index":""},"product_brand":[],"product_cat":[99,2663],"product_tag":[],"class_list":{"0":"post-119298","1":"product","2":"type-product","3":"status-publish","4":"has-post-thumbnail","6":"product_cat-streamliner-fr","7":"product_cat-two-hands-fr","9":"first","10":"instock","11":"shipping-taxable","12":"purchasable","13":"product-type-simple"},"acf":[],"_links":{"self":[{"href":"https:\/\/h-moser.com\/fr\/wp-json\/wp\/v2\/product\/119298","targetHints":{"allow":["GET"]}}],"collection":[{"href":"https:\/\/h-moser.com\/fr\/wp-json\/wp\/v2\/product"}],"about":[{"href":"https:\/\/h-moser.com\/fr\/wp-json\/wp\/v2\/types\/product"}],"wp:featuredmedia":[{"embeddable":true,"href":"https:\/\/h-moser.com\/fr\/wp-json\/wp\/v2\/media\/119069"}],"wp:attachment":[{"href":"https:\/\/h-moser.com\/fr\/wp-json\/wp\/v2\/media?parent=119298"}],"wp:term":[{"taxonomy":"product_brand","embeddable":true,"href":"https:\/\/h-moser.com\/fr\/wp-json\/wp\/v2\/product_brand?post=119298"},{"taxonomy":"product_cat","embeddable":true,"href":"https:\/\/h-moser.com\/fr\/wp-json\/wp\/v2\/product_cat?post=119298"},{"taxonomy":"product_tag","embeddable":true,"href":"https:\/\/h-moser.com\/fr\/wp-json\/wp\/v2\/product_tag?post=119298"}],"curies":[{"name":"wp","href":"https:\/\/api.w.org\/{rel}","templated":true}]}}