{"id":119302,"date":"2026-04-14T10:41:48","date_gmt":"2026-04-14T08:41:48","guid":{"rendered":"https:\/\/h-moser.com\/?post_type=product&#038;p=119302"},"modified":"2026-04-14T11:44:52","modified_gmt":"2026-04-14T09:44:52","slug":"streamliner-pump-6103-2200","status":"publish","type":"product","link":"https:\/\/h-moser.com\/fr\/produit\/streamliner-pump-6103-2200\/","title":{"rendered":"Streamliner Pump Black"},"content":{"rendered":"<p>Des chaussures \u00e0 la haute horlogerie : \u00ab Pump it up! \u00bb. En collaboration avec Reebok, nous avons revisit\u00e9 l\u2019iconique geste \u00ab Pump \u00bb \u00e0 travers une lentille m\u00e9canique. Une simple pression remonte le mouvement et donne vie \u00e0 la montre. Limit\u00e9e \u00e0 250 exemplaires, cette version offre une forme ludique de l\u2019horlogerie. Car le vrai luxe ne se prend pas trop au s\u00e9rieux.<\/p>\n","protected":false},"excerpt":{"rendered":"<p>Des chaussures \u00e0 la haute horlogerie : \u00ab Pump it up! \u00bb. En collaboration avec Reebok, nous avons revisit\u00e9 l\u2019iconique geste \u00ab Pump \u00bb \u00e0 travers une lentille m\u00e9canique. Une simple pression remonte le mouvement et donne vie \u00e0 la montre. Limit\u00e9e \u00e0 250 exemplaires, cette version offre une forme ludique de l\u2019horlogerie. Car le &hellip; <a href=\"https:\/\/h-moser.com\/fr\/produit\/streamliner-pump-6103-2200\/\">Continued<\/a><\/p>\n","protected":false},"featured_media":119163,"template":"","meta":{"_acf_changed":false,"_seopress_robots_primary_cat":"none","_seopress_titles_title":"","_seopress_titles_desc":"","_seopress_robots_index":""},"product_brand":[],"product_cat":[2664,99],"product_tag":[],"class_list":{"0":"post-119302","1":"product","2":"type-product","3":"status-publish","4":"has-post-thumbnail","6":"product_cat-pump-fr","7":"product_cat-streamliner-fr","9":"first","10":"instock","11":"shipping-taxable","12":"purchasable","13":"product-type-simple"},"acf":[],"_links":{"self":[{"href":"https:\/\/h-moser.com\/fr\/wp-json\/wp\/v2\/product\/119302","targetHints":{"allow":["GET"]}}],"collection":[{"href":"https:\/\/h-moser.com\/fr\/wp-json\/wp\/v2\/product"}],"about":[{"href":"https:\/\/h-moser.com\/fr\/wp-json\/wp\/v2\/types\/product"}],"wp:featuredmedia":[{"embeddable":true,"href":"https:\/\/h-moser.com\/fr\/wp-json\/wp\/v2\/media\/119163"}],"wp:attachment":[{"href":"https:\/\/h-moser.com\/fr\/wp-json\/wp\/v2\/media?parent=119302"}],"wp:term":[{"taxonomy":"product_brand","embeddable":true,"href":"https:\/\/h-moser.com\/fr\/wp-json\/wp\/v2\/product_brand?post=119302"},{"taxonomy":"product_cat","embeddable":true,"href":"https:\/\/h-moser.com\/fr\/wp-json\/wp\/v2\/product_cat?post=119302"},{"taxonomy":"product_tag","embeddable":true,"href":"https:\/\/h-moser.com\/fr\/wp-json\/wp\/v2\/product_tag?post=119302"}],"curies":[{"name":"wp","href":"https:\/\/api.w.org\/{rel}","templated":true}]}}