{"id":119553,"date":"2026-05-12T09:49:54","date_gmt":"2026-05-12T07:49:54","guid":{"rendered":"https:\/\/h-moser.com\/?post_type=product&#038;p=119553"},"modified":"2026-05-12T10:09:30","modified_gmt":"2026-05-12T08:09:30","slug":"streamliner-small-seconds-6500-1201","status":"publish","type":"product","link":"https:\/\/h-moser.com\/fr\/produit\/streamliner-small-seconds-6500-1201\/","title":{"rendered":"Streamliner Small Seconds Lime Green Enamel Boutique Edition"},"content":{"rendered":"<p>Une ic\u00f4ne Moser revisit\u00e9e avec un zeste de fra\u00eecheur. Cr\u00e9\u00e9e exclusivement pour nos boutiques, cette toute nouvelle \u00e9dition r\u00e9unit un cadran en \u00e9mail Grand Feu fum\u00e9 Lime Green, un bo\u00eetier coussin en acier de 39 mm et un bracelet int\u00e9gr\u00e9 aux lignes fluides. Retournez-la&#8230; et d\u00e9couvrez notre mouvement automatique manufacture HMC 500, \u00e9quip\u00e9 d\u2019un micro-rotor en platine et d\u00e9cor\u00e9 de finitions Moser contemporaines. \u00c0 vous les feux des projecteurs.<\/p>\n","protected":false},"excerpt":{"rendered":"<p>Une ic\u00f4ne Moser revisit\u00e9e avec un zeste de fra\u00eecheur. Cr\u00e9\u00e9e exclusivement pour nos boutiques, cette toute nouvelle \u00e9dition r\u00e9unit un cadran en \u00e9mail Grand Feu fum\u00e9 Lime Green, un bo\u00eetier coussin en acier de 39 mm et un bracelet int\u00e9gr\u00e9 aux lignes fluides. Retournez-la&#8230; et d\u00e9couvrez notre mouvement automatique manufacture HMC 500, \u00e9quip\u00e9 d\u2019un micro-rotor &hellip; <a href=\"https:\/\/h-moser.com\/fr\/produit\/streamliner-small-seconds-6500-1201\/\">Continued<\/a><\/p>\n","protected":false},"featured_media":119498,"template":"","meta":{"_acf_changed":false,"_seopress_robots_primary_cat":"none","_seopress_titles_title":"","_seopress_titles_desc":"","_seopress_robots_index":""},"product_brand":[],"product_cat":[1832,99],"product_tag":[],"class_list":{"0":"post-119553","1":"product","2":"type-product","3":"status-publish","4":"has-post-thumbnail","6":"product_cat-small-seconds-fr-2","7":"product_cat-streamliner-fr","9":"first","10":"instock","11":"shipping-taxable","12":"purchasable","13":"product-type-simple"},"acf":[],"_links":{"self":[{"href":"https:\/\/h-moser.com\/fr\/wp-json\/wp\/v2\/product\/119553","targetHints":{"allow":["GET"]}}],"collection":[{"href":"https:\/\/h-moser.com\/fr\/wp-json\/wp\/v2\/product"}],"about":[{"href":"https:\/\/h-moser.com\/fr\/wp-json\/wp\/v2\/types\/product"}],"wp:featuredmedia":[{"embeddable":true,"href":"https:\/\/h-moser.com\/fr\/wp-json\/wp\/v2\/media\/119498"}],"wp:attachment":[{"href":"https:\/\/h-moser.com\/fr\/wp-json\/wp\/v2\/media?parent=119553"}],"wp:term":[{"taxonomy":"product_brand","embeddable":true,"href":"https:\/\/h-moser.com\/fr\/wp-json\/wp\/v2\/product_brand?post=119553"},{"taxonomy":"product_cat","embeddable":true,"href":"https:\/\/h-moser.com\/fr\/wp-json\/wp\/v2\/product_cat?post=119553"},{"taxonomy":"product_tag","embeddable":true,"href":"https:\/\/h-moser.com\/fr\/wp-json\/wp\/v2\/product_tag?post=119553"}],"curies":[{"name":"wp","href":"https:\/\/api.w.org\/{rel}","templated":true}]}}