{"id":1339,"date":"2020-02-25T23:30:32","date_gmt":"2020-02-25T22:30:32","guid":{"rendered":"https:\/\/shop-now.h-moser.com\/produit\/endeavour-centre-seconds-concept-2\/"},"modified":"2020-10-19T16:03:28","modified_gmt":"2020-10-19T14:03:28","slug":"endeavour-centre-seconds-concept-2","status":"publish","type":"product","link":"https:\/\/h-moser.com\/fr\/produit\/endeavour-centre-seconds-concept-2\/","title":{"rendered":"ENDEAVOUR CENTRE SECONDS CONCEPT"},"content":{"rendered":"<p>Endeavour, la plus pure des collections H. Moser &amp; Cie., constitue l&rsquo;\u00e9quilibre parfait entre les formes, les couleurs et les lignes tout en restant fid\u00e8le \u00e0 la tradition horlog\u00e8re. \u00c9grenant le temps au travers d&rsquo;un cadran Midnight Blue fum\u00e9 et de trois aiguilles, la 1343-0207 ram\u00e8ne l&rsquo;horlogerie \u00e0 ses fondamentaux, sans se surcharger d&rsquo;un logo, de texte ou d&rsquo;index. Produite en s\u00e9rie limit\u00e9e de 10 pi\u00e8ces seulement, l&rsquo;Endeavour Centre Seconds Concept est aussi rare que le temps lui-m\u00eame.<\/p>\n","protected":false},"excerpt":{"rendered":"<p>Endeavour, la plus pure des collections H. Moser &amp; Cie., constitue l&rsquo;\u00e9quilibre parfait entre les formes, les couleurs et les lignes tout en restant fid\u00e8le \u00e0 la tradition horlog\u00e8re. \u00c9grenant le temps au travers d&rsquo;un cadran Midnight Blue fum\u00e9 et de trois aiguilles, la 1343-0207 ram\u00e8ne l&rsquo;horlogerie \u00e0 ses fondamentaux, sans se surcharger d&rsquo;un logo, &hellip; <a href=\"https:\/\/h-moser.com\/fr\/produit\/endeavour-centre-seconds-concept-2\/\">Continued<\/a><\/p>\n","protected":false},"featured_media":14337,"template":"","meta":{"_acf_changed":false,"_seopress_robots_primary_cat":"none","_seopress_titles_title":"H. Moser &amp; Cie. watches ENDEAVOUR CENTRE SECONDS CONCEPT","_seopress_titles_desc":"Endeavour, la plus pure des collections H. Moser &amp; Cie., constitue l&#039;\u00e9quilibre parfait entre les formes, les couleurs et les lignes tout en restant fid\u00e8le \u00e0 la tradition horlog\u00e8re.","_seopress_robots_index":""},"product_brand":[],"product_cat":[83],"product_tag":[],"class_list":{"0":"post-1339","1":"product","2":"type-product","3":"status-publish","4":"has-post-thumbnail","6":"product_cat-pre-owned-fr-2","8":"first","9":"outofstock","10":"shipping-taxable","11":"purchasable","12":"product-type-simple"},"acf":[],"_links":{"self":[{"href":"https:\/\/h-moser.com\/fr\/wp-json\/wp\/v2\/product\/1339","targetHints":{"allow":["GET"]}}],"collection":[{"href":"https:\/\/h-moser.com\/fr\/wp-json\/wp\/v2\/product"}],"about":[{"href":"https:\/\/h-moser.com\/fr\/wp-json\/wp\/v2\/types\/product"}],"wp:featuredmedia":[{"embeddable":true,"href":"https:\/\/h-moser.com\/fr\/wp-json\/wp\/v2\/media\/14337"}],"wp:attachment":[{"href":"https:\/\/h-moser.com\/fr\/wp-json\/wp\/v2\/media?parent=1339"}],"wp:term":[{"taxonomy":"product_brand","embeddable":true,"href":"https:\/\/h-moser.com\/fr\/wp-json\/wp\/v2\/product_brand?post=1339"},{"taxonomy":"product_cat","embeddable":true,"href":"https:\/\/h-moser.com\/fr\/wp-json\/wp\/v2\/product_cat?post=1339"},{"taxonomy":"product_tag","embeddable":true,"href":"https:\/\/h-moser.com\/fr\/wp-json\/wp\/v2\/product_tag?post=1339"}],"curies":[{"name":"wp","href":"https:\/\/api.w.org\/{rel}","templated":true}]}}