{"id":1346,"date":"2020-02-25T23:40:45","date_gmt":"2020-02-25T22:40:45","guid":{"rendered":"https:\/\/shop-now.h-moser.com\/produit\/endeavour-centre-seconds-concept-3\/"},"modified":"2020-10-19T15:32:23","modified_gmt":"2020-10-19T13:32:23","slug":"endeavour-centre-seconds-concept-1343-0209","status":"publish","type":"product","link":"https:\/\/h-moser.com\/fr\/produit\/endeavour-centre-seconds-concept-1343-0209\/","title":{"rendered":"ENDEAVOUR CENTRE SECONDS CONCEPT"},"content":{"rendered":"<p>C\u2019est un retour \u00e0 l\u2019essentiel que propose H. Moser &amp; Cie. avec le mod\u00e8le Endeavour Centre Seconds Concept Funky Blue, dans une version munie du magnifique cadran bleu ciel fum\u00e9. D\u00e9pouill\u00e9 de tout index, logo ou marque, ce cadran prend ici sa pleine mesure, se d\u00e9ployant en absolue libert\u00e9. Les nuances du subtil d\u00e9cor rayons de soleil sont mises en sc\u00e8ne dans toute la beaut\u00e9 de leur effet sfumato, comme sur les toiles des peintres de la Renaissance.<\/p>\n","protected":false},"excerpt":{"rendered":"<p>C\u2019est un retour \u00e0 l\u2019essentiel que propose H. Moser &amp; Cie. avec le mod\u00e8le Endeavour Centre Seconds Concept Funky Blue, dans une version munie du magnifique cadran bleu ciel fum\u00e9. D\u00e9pouill\u00e9 de tout index, logo ou marque, ce cadran prend ici sa pleine mesure, se d\u00e9ployant en absolue libert\u00e9. Les nuances du subtil d\u00e9cor rayons &hellip; <a href=\"https:\/\/h-moser.com\/fr\/produit\/endeavour-centre-seconds-concept-1343-0209\/\">Continued<\/a><\/p>\n","protected":false},"featured_media":14395,"template":"","meta":{"_acf_changed":false,"_seopress_robots_primary_cat":"none","_seopress_titles_title":"","_seopress_titles_desc":"","_seopress_robots_index":""},"product_brand":[],"product_cat":[83],"product_tag":[],"class_list":{"0":"post-1346","1":"product","2":"type-product","3":"status-publish","4":"has-post-thumbnail","6":"product_cat-pre-owned-fr-2","8":"first","9":"outofstock","10":"shipping-taxable","11":"purchasable","12":"product-type-simple"},"acf":[],"_links":{"self":[{"href":"https:\/\/h-moser.com\/fr\/wp-json\/wp\/v2\/product\/1346","targetHints":{"allow":["GET"]}}],"collection":[{"href":"https:\/\/h-moser.com\/fr\/wp-json\/wp\/v2\/product"}],"about":[{"href":"https:\/\/h-moser.com\/fr\/wp-json\/wp\/v2\/types\/product"}],"wp:featuredmedia":[{"embeddable":true,"href":"https:\/\/h-moser.com\/fr\/wp-json\/wp\/v2\/media\/14395"}],"wp:attachment":[{"href":"https:\/\/h-moser.com\/fr\/wp-json\/wp\/v2\/media?parent=1346"}],"wp:term":[{"taxonomy":"product_brand","embeddable":true,"href":"https:\/\/h-moser.com\/fr\/wp-json\/wp\/v2\/product_brand?post=1346"},{"taxonomy":"product_cat","embeddable":true,"href":"https:\/\/h-moser.com\/fr\/wp-json\/wp\/v2\/product_cat?post=1346"},{"taxonomy":"product_tag","embeddable":true,"href":"https:\/\/h-moser.com\/fr\/wp-json\/wp\/v2\/product_tag?post=1346"}],"curies":[{"name":"wp","href":"https:\/\/api.w.org\/{rel}","templated":true}]}}