{"id":19313,"date":"2021-02-12T13:33:04","date_gmt":"2021-02-12T11:33:19","guid":{"rendered":"https:\/\/h-moser.com\/?post_type=product&#038;p=19313"},"modified":"2021-02-12T12:33:19","modified_gmt":"2021-02-12T11:33:19","slug":"venturer-swiss-mad","status":"publish","type":"product","link":"https:\/\/h-moser.com\/fr\/produit\/venturer-swiss-mad\/","title":{"rendered":"Venturer Swiss Mad"},"content":{"rendered":"<p>N\u00e9e en r\u00e9ponse \u00e0 la nouvelle l\u00e9gislation relative au label \u00ab Swiss Made \u00bb, la Venturer Swiss Mad incarne les valeurs de la Haute Horlogerie suisse. \u00c0 la fois symbole et pi\u00e8ce de haute horlogerie, ce mod\u00e8le poss\u00e8de un cadran rouge fum\u00e9 avec 4 index blancs qui \u00e9voquent le drapeau suisse. Produite \u00e0 hauteur de 50 exemplaires seulement, la Venturer Swiss Mad est prolong\u00e9e par un bracelet en cuir de vache cousu main.<\/p>\n","protected":false},"excerpt":{"rendered":"<p>N\u00e9e en r\u00e9ponse \u00e0 la nouvelle l\u00e9gislation relative au label \u00ab Swiss Made \u00bb, la Venturer Swiss Mad incarne les valeurs de la Haute Horlogerie suisse. \u00c0 la fois symbole et pi\u00e8ce de haute horlogerie, ce mod\u00e8le poss\u00e8de un cadran rouge fum\u00e9 avec 4 index blancs qui \u00e9voquent le drapeau suisse. Produite \u00e0 hauteur de &hellip; <a href=\"https:\/\/h-moser.com\/fr\/produit\/venturer-swiss-mad\/\">Continued<\/a><\/p>\n","protected":false},"featured_media":19199,"template":"","meta":{"_acf_changed":false,"_seopress_robots_primary_cat":"none","_seopress_titles_title":"H. Moser &amp; Cie. watches VENTURER SWISS MAD","_seopress_titles_desc":"Born out of a response to the legislation regarding the \u201cSwiss Made\u201d label, the Venturer Swiss Mad embodies the values of Swiss Haute Horlogerie.","_seopress_robots_index":""},"product_brand":[],"product_cat":[83],"product_tag":[],"class_list":{"0":"post-19313","1":"product","2":"type-product","3":"status-publish","4":"has-post-thumbnail","6":"product_cat-pre-owned-fr-2","8":"first","9":"outofstock","10":"shipping-taxable","11":"purchasable","12":"product-type-simple"},"acf":[],"_links":{"self":[{"href":"https:\/\/h-moser.com\/fr\/wp-json\/wp\/v2\/product\/19313","targetHints":{"allow":["GET"]}}],"collection":[{"href":"https:\/\/h-moser.com\/fr\/wp-json\/wp\/v2\/product"}],"about":[{"href":"https:\/\/h-moser.com\/fr\/wp-json\/wp\/v2\/types\/product"}],"wp:featuredmedia":[{"embeddable":true,"href":"https:\/\/h-moser.com\/fr\/wp-json\/wp\/v2\/media\/19199"}],"wp:attachment":[{"href":"https:\/\/h-moser.com\/fr\/wp-json\/wp\/v2\/media?parent=19313"}],"wp:term":[{"taxonomy":"product_brand","embeddable":true,"href":"https:\/\/h-moser.com\/fr\/wp-json\/wp\/v2\/product_brand?post=19313"},{"taxonomy":"product_cat","embeddable":true,"href":"https:\/\/h-moser.com\/fr\/wp-json\/wp\/v2\/product_cat?post=19313"},{"taxonomy":"product_tag","embeddable":true,"href":"https:\/\/h-moser.com\/fr\/wp-json\/wp\/v2\/product_tag?post=19313"}],"curies":[{"name":"wp","href":"https:\/\/api.w.org\/{rel}","templated":true}]}}