{"id":19317,"date":"2021-02-12T12:34:33","date_gmt":"2021-02-12T11:35:06","guid":{"rendered":"https:\/\/h-moser.com\/?post_type=product&#038;p=19317"},"modified":"2021-02-12T12:35:07","modified_gmt":"2021-02-12T11:35:07","slug":"venturer-small-seconds-xl","status":"publish","type":"product","link":"https:\/\/h-moser.com\/fr\/produit\/venturer-small-seconds-xl\/","title":{"rendered":"Venturer Small Seconds XL"},"content":{"rendered":"<p>Puisant ses r\u00e9f\u00e9rences conceptuelles dans les ann\u00e9es 1920 et les ann\u00e9es 1960, la collection Venturer place l\u2019\u00e9l\u00e9gance au premier plan. Dot\u00e9e d\u2019un cadran Funky Blue fum\u00e9 et d\u2019un indicateur de la petite seconde \u00e0 6 heures, cette Venturer r\u00e9invente le raffinement au sein de sa bo\u00eete en acier.<\/p>\n","protected":false},"excerpt":{"rendered":"<p>Puisant ses r\u00e9f\u00e9rences conceptuelles dans les ann\u00e9es 1920 et les ann\u00e9es 1960, la collection Venturer place l\u2019\u00e9l\u00e9gance au premier plan. Dot\u00e9e d\u2019un cadran Funky Blue fum\u00e9 et d\u2019un indicateur de la petite seconde \u00e0 6 heures, cette Venturer r\u00e9invente le raffinement au sein de sa bo\u00eete en acier.<\/p>\n","protected":false},"featured_media":19148,"template":"","meta":{"_acf_changed":false,"_seopress_robots_primary_cat":"none","_seopress_titles_title":"","_seopress_titles_desc":"","_seopress_robots_index":""},"product_brand":[],"product_cat":[83],"product_tag":[],"class_list":{"0":"post-19317","1":"product","2":"type-product","3":"status-publish","4":"has-post-thumbnail","6":"product_cat-pre-owned-fr-2","8":"first","9":"outofstock","10":"shipping-taxable","11":"purchasable","12":"product-type-simple"},"acf":[],"_links":{"self":[{"href":"https:\/\/h-moser.com\/fr\/wp-json\/wp\/v2\/product\/19317","targetHints":{"allow":["GET"]}}],"collection":[{"href":"https:\/\/h-moser.com\/fr\/wp-json\/wp\/v2\/product"}],"about":[{"href":"https:\/\/h-moser.com\/fr\/wp-json\/wp\/v2\/types\/product"}],"wp:featuredmedia":[{"embeddable":true,"href":"https:\/\/h-moser.com\/fr\/wp-json\/wp\/v2\/media\/19148"}],"wp:attachment":[{"href":"https:\/\/h-moser.com\/fr\/wp-json\/wp\/v2\/media?parent=19317"}],"wp:term":[{"taxonomy":"product_brand","embeddable":true,"href":"https:\/\/h-moser.com\/fr\/wp-json\/wp\/v2\/product_brand?post=19317"},{"taxonomy":"product_cat","embeddable":true,"href":"https:\/\/h-moser.com\/fr\/wp-json\/wp\/v2\/product_cat?post=19317"},{"taxonomy":"product_tag","embeddable":true,"href":"https:\/\/h-moser.com\/fr\/wp-json\/wp\/v2\/product_tag?post=19317"}],"curies":[{"name":"wp","href":"https:\/\/api.w.org\/{rel}","templated":true}]}}