{"id":19323,"date":"2021-02-12T16:56:20","date_gmt":"2021-02-12T15:57:39","guid":{"rendered":"https:\/\/h-moser.com\/?post_type=product&#038;p=19323"},"modified":"2021-02-12T16:57:40","modified_gmt":"2021-02-12T15:57:40","slug":"swiss-alp-watch-4","status":"publish","type":"product","link":"https:\/\/h-moser.com\/fr\/produit\/swiss-alp-watch-4\/","title":{"rendered":"Swiss Alp Watch"},"content":{"rendered":"<p>La Swiss Alp Watch, interpr\u00e9tation traditionnelle et m\u00e9canique de la montre connect\u00e9e, s\u2019approprie les genres conceptuels de notre \u00e9poque. Limit\u00e9e \u00e0 20 exemplaires seulement, cette Swiss Alp Watch est dot\u00e9e du mouvement manufacture HMC 324 \u00e0 remontage manuel qui, \u00e0 l\u2019inverse des montres connect\u00e9es, ne n\u00e9cessite aucune recharge. La montre peut fonctionner pendant plus de quatre jours apr\u00e8s le remontage de la couronne situ\u00e9e sur le c\u00f4t\u00e9 de sa bo\u00eete rectangulaire en acier trait\u00e9 DLC noir.<\/p>\n","protected":false},"excerpt":{"rendered":"<p>La Swiss Alp Watch, interpr\u00e9tation traditionnelle et m\u00e9canique de la montre connect\u00e9e, s\u2019approprie les genres conceptuels de notre \u00e9poque. Limit\u00e9e \u00e0 20 exemplaires seulement, cette Swiss Alp Watch est dot\u00e9e du mouvement manufacture HMC 324 \u00e0 remontage manuel qui, \u00e0 l\u2019inverse des montres connect\u00e9es, ne n\u00e9cessite aucune recharge. La montre peut fonctionner pendant plus de &hellip; <a href=\"https:\/\/h-moser.com\/fr\/produit\/swiss-alp-watch-4\/\">Continued<\/a><\/p>\n","protected":false},"featured_media":19045,"template":"","meta":{"_acf_changed":false,"_seopress_robots_primary_cat":"none","_seopress_titles_title":"","_seopress_titles_desc":"","_seopress_robots_index":""},"product_brand":[],"product_cat":[83],"product_tag":[],"class_list":{"0":"post-19323","1":"product","2":"type-product","3":"status-publish","4":"has-post-thumbnail","6":"product_cat-pre-owned-fr-2","8":"first","9":"outofstock","10":"shipping-taxable","11":"purchasable","12":"product-type-simple"},"acf":[],"_links":{"self":[{"href":"https:\/\/h-moser.com\/fr\/wp-json\/wp\/v2\/product\/19323","targetHints":{"allow":["GET"]}}],"collection":[{"href":"https:\/\/h-moser.com\/fr\/wp-json\/wp\/v2\/product"}],"about":[{"href":"https:\/\/h-moser.com\/fr\/wp-json\/wp\/v2\/types\/product"}],"wp:featuredmedia":[{"embeddable":true,"href":"https:\/\/h-moser.com\/fr\/wp-json\/wp\/v2\/media\/19045"}],"wp:attachment":[{"href":"https:\/\/h-moser.com\/fr\/wp-json\/wp\/v2\/media?parent=19323"}],"wp:term":[{"taxonomy":"product_brand","embeddable":true,"href":"https:\/\/h-moser.com\/fr\/wp-json\/wp\/v2\/product_brand?post=19323"},{"taxonomy":"product_cat","embeddable":true,"href":"https:\/\/h-moser.com\/fr\/wp-json\/wp\/v2\/product_cat?post=19323"},{"taxonomy":"product_tag","embeddable":true,"href":"https:\/\/h-moser.com\/fr\/wp-json\/wp\/v2\/product_tag?post=19323"}],"curies":[{"name":"wp","href":"https:\/\/api.w.org\/{rel}","templated":true}]}}