{"id":21360,"date":"2021-04-01T09:02:43","date_gmt":"2021-04-01T07:03:34","guid":{"rendered":"https:\/\/h-moser.com\/?post_type=product&#038;p=21360"},"modified":"2024-03-05T12:21:38","modified_gmt":"2024-03-05T11:21:38","slug":"endeavour-centre-seconds-x-seconde-seconde","status":"publish","type":"product","link":"https:\/\/h-moser.com\/fr\/produit\/endeavour-centre-seconds-x-seconde-seconde\/","title":{"rendered":"Endeavour Centre Seconds X seconde\/seconde\/"},"content":{"rendered":"<p>Relecture de la collection Endeavour de H. Moser &amp; Cie., \u00e0 la fois minimaliste et remarquable, ce mod\u00e8le est le fruit d&rsquo;une collaboration avec seconde\/seconde\/. Il met l&rsquo;accent sur les c\u00e9l\u00e8bres cadrans Concept qui ont forg\u00e9 la renomm\u00e9e de la marque.<br \/>\nIl s&rsquo;agit d&rsquo;une Endeavour Centre Seconds en acier avec un cadran Funky Blue fum\u00e9 dont l&rsquo;aiguille des heures a \u00e9t\u00e9 remplac\u00e9e par une gomme, r\u00e9p\u00e9tant par l\u00e0 m\u00eame l&rsquo;effacement des index et du logo. Cette cr\u00e9ation en s\u00e9rie limit\u00e9e de 20 pi\u00e8ces, exclusivement disponible en ligne, comprend un dessin d&rsquo;artiste de la montre mont\u00e9 sur cadre.<\/p>\n","protected":false},"excerpt":{"rendered":"<p>Relecture de la collection Endeavour de H. Moser &amp; Cie., \u00e0 la fois minimaliste et remarquable, ce mod\u00e8le est le fruit d&rsquo;une collaboration avec seconde\/seconde\/. Il met l&rsquo;accent sur les c\u00e9l\u00e8bres cadrans Concept qui ont forg\u00e9 la renomm\u00e9e de la marque. Il s&rsquo;agit d&rsquo;une Endeavour Centre Seconds en acier avec un cadran Funky Blue fum\u00e9 &hellip; <a href=\"https:\/\/h-moser.com\/fr\/produit\/endeavour-centre-seconds-x-seconde-seconde\/\">Continued<\/a><\/p>\n","protected":false},"featured_media":21347,"template":"","meta":{"_acf_changed":false,"_seopress_robots_primary_cat":"none","_seopress_titles_title":"","_seopress_titles_desc":"","_seopress_robots_index":""},"product_brand":[],"product_cat":[168,1896],"product_tag":[],"class_list":{"0":"post-21360","1":"product","2":"type-product","3":"status-publish","4":"has-post-thumbnail","6":"product_cat-endeavour-fr-2","7":"product_cat-endeavour-models-fr","9":"first","10":"unavailable","11":"shipping-taxable","12":"purchasable","13":"product-type-simple"},"acf":[],"_links":{"self":[{"href":"https:\/\/h-moser.com\/fr\/wp-json\/wp\/v2\/product\/21360","targetHints":{"allow":["GET"]}}],"collection":[{"href":"https:\/\/h-moser.com\/fr\/wp-json\/wp\/v2\/product"}],"about":[{"href":"https:\/\/h-moser.com\/fr\/wp-json\/wp\/v2\/types\/product"}],"wp:featuredmedia":[{"embeddable":true,"href":"https:\/\/h-moser.com\/fr\/wp-json\/wp\/v2\/media\/21347"}],"wp:attachment":[{"href":"https:\/\/h-moser.com\/fr\/wp-json\/wp\/v2\/media?parent=21360"}],"wp:term":[{"taxonomy":"product_brand","embeddable":true,"href":"https:\/\/h-moser.com\/fr\/wp-json\/wp\/v2\/product_brand?post=21360"},{"taxonomy":"product_cat","embeddable":true,"href":"https:\/\/h-moser.com\/fr\/wp-json\/wp\/v2\/product_cat?post=21360"},{"taxonomy":"product_tag","embeddable":true,"href":"https:\/\/h-moser.com\/fr\/wp-json\/wp\/v2\/product_tag?post=21360"}],"curies":[{"name":"wp","href":"https:\/\/api.w.org\/{rel}","templated":true}]}}