{"id":21842,"date":"2021-04-06T09:14:46","date_gmt":"2021-04-06T07:15:30","guid":{"rendered":"https:\/\/h-moser.com\/?post_type=product&#038;p=21842"},"modified":"2024-03-05T12:24:06","modified_gmt":"2024-03-05T11:24:06","slug":"endeavour-tourbillon-oxs-eye","status":"publish","type":"product","link":"https:\/\/h-moser.com\/fr\/produit\/endeavour-tourbillon-oxs-eye\/","title":{"rendered":"Endeavour Tourbillon"},"content":{"rendered":"<p>La Endeavour Tourbillon en or rouge avec un cadran \u00e0 \u0153il-de-taureau conf\u00e8re \u00e0 la sophistication l&rsquo;allure de la simplicit\u00e9, en unissant le style ultra-minimaliste de la version Concept de H. Moser &amp; Cie. (ni logo ni index) \u00e0 un tourbillon volant une minute \u00e0 double spiral. D&rsquo;une pr\u00e9cision exceptionnelle, ce tourbillon, par ses mouvements, offre un spectacle hypnotique au travers de son cadran muni d&rsquo;une ouverture partielle.<\/p>\n","protected":false},"excerpt":{"rendered":"<p>La Endeavour Tourbillon en or rouge avec un cadran \u00e0 \u0153il-de-taureau conf\u00e8re \u00e0 la sophistication l&rsquo;allure de la simplicit\u00e9, en unissant le style ultra-minimaliste de la version Concept de H. Moser &amp; Cie. (ni logo ni index) \u00e0 un tourbillon volant une minute \u00e0 double spiral. D&rsquo;une pr\u00e9cision exceptionnelle, ce tourbillon, par ses mouvements, offre &hellip; <a href=\"https:\/\/h-moser.com\/fr\/produit\/endeavour-tourbillon-oxs-eye\/\">Continued<\/a><\/p>\n","protected":false},"featured_media":21711,"template":"","meta":{"_acf_changed":false,"_seopress_robots_primary_cat":"none","_seopress_titles_title":"","_seopress_titles_desc":"","_seopress_robots_index":""},"product_brand":[],"product_cat":[168,1896],"product_tag":[],"class_list":{"0":"post-21842","1":"product","2":"type-product","3":"status-publish","4":"has-post-thumbnail","6":"product_cat-endeavour-fr-2","7":"product_cat-endeavour-models-fr","9":"first","10":"unavailable","11":"shipping-taxable","12":"purchasable","13":"product-type-simple"},"acf":[],"_links":{"self":[{"href":"https:\/\/h-moser.com\/fr\/wp-json\/wp\/v2\/product\/21842","targetHints":{"allow":["GET"]}}],"collection":[{"href":"https:\/\/h-moser.com\/fr\/wp-json\/wp\/v2\/product"}],"about":[{"href":"https:\/\/h-moser.com\/fr\/wp-json\/wp\/v2\/types\/product"}],"wp:featuredmedia":[{"embeddable":true,"href":"https:\/\/h-moser.com\/fr\/wp-json\/wp\/v2\/media\/21711"}],"wp:attachment":[{"href":"https:\/\/h-moser.com\/fr\/wp-json\/wp\/v2\/media?parent=21842"}],"wp:term":[{"taxonomy":"product_brand","embeddable":true,"href":"https:\/\/h-moser.com\/fr\/wp-json\/wp\/v2\/product_brand?post=21842"},{"taxonomy":"product_cat","embeddable":true,"href":"https:\/\/h-moser.com\/fr\/wp-json\/wp\/v2\/product_cat?post=21842"},{"taxonomy":"product_tag","embeddable":true,"href":"https:\/\/h-moser.com\/fr\/wp-json\/wp\/v2\/product_tag?post=21842"}],"curies":[{"name":"wp","href":"https:\/\/api.w.org\/{rel}","templated":true}]}}