{"id":25224,"date":"2021-06-29T18:10:30","date_gmt":"2021-06-30T07:23:42","guid":{"rendered":"https:\/\/h-moser.com\/?post_type=product&#038;p=25224"},"modified":"2024-03-05T17:15:36","modified_gmt":"2024-03-05T16:15:36","slug":"heritage-perpetual-calendar-8800-0203","status":"publish","type":"product","link":"https:\/\/h-moser.com\/fr\/produit\/heritage-perpetual-calendar-8800-0203\/","title":{"rendered":"Heritage Perpetual Calendar"},"content":{"rendered":"<p>Habilement forg\u00e9 dans le feu, le cadran \u00e9maill\u00e9 offre au regard une splendeur qui ne s\u2019estompe pas avec le temps. Dot\u00e9 d\u2019un bo\u00eetier en or blanc, le Heritage Perpetual Calendar Midnight Blue Enamel t\u00e9moigne de la riche tradition de H. Moser &amp; Cie. tout en int\u00e9grant des \u00e9l\u00e9ments conceptuels modernes et un mouvement ing\u00e9nieux et novateur. Pour un sentiment accru d\u2019\u00e9l\u00e9gance et de sophistication moderne.<\/p>\n","protected":false},"excerpt":{"rendered":"<p>Habilement forg\u00e9 dans le feu, le cadran \u00e9maill\u00e9 offre au regard une splendeur qui ne s\u2019estompe pas avec le temps. Dot\u00e9 d\u2019un bo\u00eetier en or blanc, le Heritage Perpetual Calendar Midnight Blue Enamel t\u00e9moigne de la riche tradition de H. Moser &amp; Cie. tout en int\u00e9grant des \u00e9l\u00e9ments conceptuels modernes et un mouvement ing\u00e9nieux et &hellip; <a href=\"https:\/\/h-moser.com\/fr\/produit\/heritage-perpetual-calendar-8800-0203\/\">Continued<\/a><\/p>\n","protected":false},"featured_media":25212,"template":"","meta":{"_acf_changed":false,"_seopress_robots_primary_cat":"none","_seopress_titles_title":"","_seopress_titles_desc":"","_seopress_robots_index":""},"product_brand":[],"product_cat":[250,1901],"product_tag":[],"class_list":{"0":"post-25224","1":"product","2":"type-product","3":"status-publish","4":"has-post-thumbnail","6":"product_cat-heritage-fr","7":"product_cat-heritage-models-fr","9":"first","10":"unavailable","11":"shipping-taxable","12":"purchasable","13":"product-type-simple"},"acf":[],"_links":{"self":[{"href":"https:\/\/h-moser.com\/fr\/wp-json\/wp\/v2\/product\/25224","targetHints":{"allow":["GET"]}}],"collection":[{"href":"https:\/\/h-moser.com\/fr\/wp-json\/wp\/v2\/product"}],"about":[{"href":"https:\/\/h-moser.com\/fr\/wp-json\/wp\/v2\/types\/product"}],"wp:featuredmedia":[{"embeddable":true,"href":"https:\/\/h-moser.com\/fr\/wp-json\/wp\/v2\/media\/25212"}],"wp:attachment":[{"href":"https:\/\/h-moser.com\/fr\/wp-json\/wp\/v2\/media?parent=25224"}],"wp:term":[{"taxonomy":"product_brand","embeddable":true,"href":"https:\/\/h-moser.com\/fr\/wp-json\/wp\/v2\/product_brand?post=25224"},{"taxonomy":"product_cat","embeddable":true,"href":"https:\/\/h-moser.com\/fr\/wp-json\/wp\/v2\/product_cat?post=25224"},{"taxonomy":"product_tag","embeddable":true,"href":"https:\/\/h-moser.com\/fr\/wp-json\/wp\/v2\/product_tag?post=25224"}],"curies":[{"name":"wp","href":"https:\/\/api.w.org\/{rel}","templated":true}]}}