{"id":26131,"date":"2021-08-30T09:30:11","date_gmt":"2021-08-30T07:34:15","guid":{"rendered":"https:\/\/h-moser.com\/?post_type=product&#038;p=26131"},"modified":"2024-03-05T11:44:58","modified_gmt":"2024-03-05T10:44:58","slug":"streamliner-perpetual-calendar","status":"publish","type":"product","link":"https:\/\/h-moser.com\/fr\/produit\/streamliner-perpetual-calendar\/","title":{"rendered":"Streamliner Perpetual Calendar"},"content":{"rendered":"<p>Le Streamliner Perpetual Calendar en acier est pourvu d\u2019un cadran fum\u00e9 et arbore l\u2019une des complications les plus ing\u00e9nieuses et intuitives. Outre la fonction de changement de date instantan\u00e9, le mouvement offre une seconde au centre directe et entra\u00eene des aiguilles tridimensionnelles qui indiquent les heures et les minutes. L\u2019\u00e9l\u00e9gant bracelet en acier, les inserts innovants en Globolight\u00ae et le cadran fum\u00e9 signature parach\u00e8vent l\u2019esth\u00e9tique H. Moser &amp; Cie.<\/p>\n","protected":false},"excerpt":{"rendered":"<p>Le Streamliner Perpetual Calendar en acier est pourvu d\u2019un cadran fum\u00e9 et arbore l\u2019une des complications les plus ing\u00e9nieuses et intuitives. Outre la fonction de changement de date instantan\u00e9, le mouvement offre une seconde au centre directe et entra\u00eene des aiguilles tridimensionnelles qui indiquent les heures et les minutes. L\u2019\u00e9l\u00e9gant bracelet en acier, les inserts &hellip; <a href=\"https:\/\/h-moser.com\/fr\/produit\/streamliner-perpetual-calendar\/\">Continued<\/a><\/p>\n","protected":false},"featured_media":26071,"template":"","meta":{"_acf_changed":false,"_seopress_robots_primary_cat":"none","_seopress_titles_title":"","_seopress_titles_desc":"","_seopress_robots_index":""},"product_brand":[],"product_cat":[15],"product_tag":[],"class_list":{"0":"post-26131","1":"product","2":"type-product","3":"status-publish","4":"has-post-thumbnail","6":"product_cat-non-classe","8":"first","9":"instock","10":"shipping-taxable","11":"purchasable","12":"product-type-simple"},"acf":[],"_links":{"self":[{"href":"https:\/\/h-moser.com\/fr\/wp-json\/wp\/v2\/product\/26131","targetHints":{"allow":["GET"]}}],"collection":[{"href":"https:\/\/h-moser.com\/fr\/wp-json\/wp\/v2\/product"}],"about":[{"href":"https:\/\/h-moser.com\/fr\/wp-json\/wp\/v2\/types\/product"}],"wp:featuredmedia":[{"embeddable":true,"href":"https:\/\/h-moser.com\/fr\/wp-json\/wp\/v2\/media\/26071"}],"wp:attachment":[{"href":"https:\/\/h-moser.com\/fr\/wp-json\/wp\/v2\/media?parent=26131"}],"wp:term":[{"taxonomy":"product_brand","embeddable":true,"href":"https:\/\/h-moser.com\/fr\/wp-json\/wp\/v2\/product_brand?post=26131"},{"taxonomy":"product_cat","embeddable":true,"href":"https:\/\/h-moser.com\/fr\/wp-json\/wp\/v2\/product_cat?post=26131"},{"taxonomy":"product_tag","embeddable":true,"href":"https:\/\/h-moser.com\/fr\/wp-json\/wp\/v2\/product_tag?post=26131"}],"curies":[{"name":"wp","href":"https:\/\/api.w.org\/{rel}","templated":true}]}}