{"id":31981,"date":"2021-10-06T08:43:09","date_gmt":"2021-10-06T06:44:32","guid":{"rendered":"https:\/\/h-moser.com\/?post_type=product&#038;p=31981"},"modified":"2024-03-26T17:08:52","modified_gmt":"2024-03-26T16:08:52","slug":"heritage-dual-time","status":"publish","type":"product","link":"https:\/\/h-moser.com\/fr\/produit\/heritage-dual-time\/","title":{"rendered":"Heritage Dual Time"},"content":{"rendered":"<p>Le mod\u00e8le Heritage Dual Time en acier muni du cadran Burgundy fum\u00e9 propose une interpr\u00e9tation pleine d\u2019audace de l\u2019esprit aventurier. Arborant des nuances subtiles, son cadran remarquablement \u00e9pur\u00e9 offre un affichage simultan\u00e9 de deux fuseaux horaires \u2013\u00a0chaque d\u00e9tail est \u00e9tudi\u00e9 de fa\u00e7on \u00e0 garantir une lecture la plus intuitive possible. Les \u00e9l\u00e9ments r\u00e9solument classiques, inspir\u00e9s des mod\u00e8les H.\u00a0Moser\u00a0&amp; Cie. du d\u00e9but du XX<sup>e<\/sup>\u00a0si\u00e8cle, sont associ\u00e9s \u00e0 des index tridimensionnels innovants r\u00e9alis\u00e9s en Globolight\u00ae ainsi qu\u2019\u00e0 une couleur de cadran surprenante.<\/p>\n","protected":false},"excerpt":{"rendered":"<p>Le mod\u00e8le Heritage Dual Time en acier muni du cadran Burgundy fum\u00e9 propose une interpr\u00e9tation pleine d\u2019audace de l\u2019esprit aventurier. Arborant des nuances subtiles, son cadran remarquablement \u00e9pur\u00e9 offre un affichage simultan\u00e9 de deux fuseaux horaires \u2013\u00a0chaque d\u00e9tail est \u00e9tudi\u00e9 de fa\u00e7on \u00e0 garantir une lecture la plus intuitive possible. Les \u00e9l\u00e9ments r\u00e9solument classiques, inspir\u00e9s &hellip; <a href=\"https:\/\/h-moser.com\/fr\/produit\/heritage-dual-time\/\">Continued<\/a><\/p>\n","protected":false},"featured_media":31954,"template":"","meta":{"_acf_changed":false,"_seopress_robots_primary_cat":"none","_seopress_titles_title":"","_seopress_titles_desc":"","_seopress_robots_index":""},"product_brand":[],"product_cat":[1443,250],"product_tag":[],"class_list":{"0":"post-31981","1":"product","2":"type-product","3":"status-publish","4":"has-post-thumbnail","6":"product_cat-dual-time-fr","7":"product_cat-heritage-fr","9":"first","10":"instock","11":"shipping-taxable","12":"purchasable","13":"product-type-simple"},"acf":[],"_links":{"self":[{"href":"https:\/\/h-moser.com\/fr\/wp-json\/wp\/v2\/product\/31981","targetHints":{"allow":["GET"]}}],"collection":[{"href":"https:\/\/h-moser.com\/fr\/wp-json\/wp\/v2\/product"}],"about":[{"href":"https:\/\/h-moser.com\/fr\/wp-json\/wp\/v2\/types\/product"}],"wp:featuredmedia":[{"embeddable":true,"href":"https:\/\/h-moser.com\/fr\/wp-json\/wp\/v2\/media\/31954"}],"wp:attachment":[{"href":"https:\/\/h-moser.com\/fr\/wp-json\/wp\/v2\/media?parent=31981"}],"wp:term":[{"taxonomy":"product_brand","embeddable":true,"href":"https:\/\/h-moser.com\/fr\/wp-json\/wp\/v2\/product_brand?post=31981"},{"taxonomy":"product_cat","embeddable":true,"href":"https:\/\/h-moser.com\/fr\/wp-json\/wp\/v2\/product_cat?post=31981"},{"taxonomy":"product_tag","embeddable":true,"href":"https:\/\/h-moser.com\/fr\/wp-json\/wp\/v2\/product_tag?post=31981"}],"curies":[{"name":"wp","href":"https:\/\/api.w.org\/{rel}","templated":true}]}}