{"id":35275,"date":"2021-11-25T10:58:32","date_gmt":"2021-11-25T09:59:50","guid":{"rendered":"https:\/\/h-moser.com\/?post_type=product&#038;p=35275"},"modified":"2024-03-05T17:15:48","modified_gmt":"2024-03-05T16:15:48","slug":"heritage-bronze-since-1828","status":"publish","type":"product","link":"https:\/\/h-moser.com\/fr\/produit\/heritage-bronze-since-1828\/","title":{"rendered":"Heritage Bronze \u00ab\u00a0Since 1828\u00a0\u00bb"},"content":{"rendered":"<p>Habill\u00e9e d&rsquo;un cadran <em>Blackor fum\u00e9<\/em>, l&rsquo;Heritage Bronze \u00ab\u00a0Since 1828\u00a0\u00bb franchit une nouvelle \u00e9tape en rendant hommage au riche h\u00e9ritage de la marque tout en jouant avec des \u00e9l\u00e9ments esth\u00e9tiques uniques. Le r\u00e9sultat\u00a0: une montre charg\u00e9e d&rsquo;histoire qui embrasse l&rsquo;\u00e9l\u00e9gance moderne.<\/p>\n<p>Exclusivement en ligne.<\/p>\n","protected":false},"excerpt":{"rendered":"<p>Habill\u00e9e d&rsquo;un cadran Blackor fum\u00e9, l&rsquo;Heritage Bronze \u00ab\u00a0Since 1828\u00a0\u00bb franchit une nouvelle \u00e9tape en rendant hommage au riche h\u00e9ritage de la marque tout en jouant avec des \u00e9l\u00e9ments esth\u00e9tiques uniques. Le r\u00e9sultat\u00a0: une montre charg\u00e9e d&rsquo;histoire qui embrasse l&rsquo;\u00e9l\u00e9gance moderne. Exclusivement en ligne.<\/p>\n","protected":false},"featured_media":35293,"template":"","meta":{"_acf_changed":false,"_seopress_robots_primary_cat":"none","_seopress_titles_title":"","_seopress_titles_desc":"","_seopress_robots_index":""},"product_brand":[],"product_cat":[250,1901],"product_tag":[],"class_list":{"0":"post-35275","1":"product","2":"type-product","3":"status-publish","4":"has-post-thumbnail","6":"product_cat-heritage-fr","7":"product_cat-heritage-models-fr","9":"first","10":"unavailable","11":"shipping-taxable","12":"purchasable","13":"product-type-simple"},"acf":[],"_links":{"self":[{"href":"https:\/\/h-moser.com\/fr\/wp-json\/wp\/v2\/product\/35275","targetHints":{"allow":["GET"]}}],"collection":[{"href":"https:\/\/h-moser.com\/fr\/wp-json\/wp\/v2\/product"}],"about":[{"href":"https:\/\/h-moser.com\/fr\/wp-json\/wp\/v2\/types\/product"}],"wp:featuredmedia":[{"embeddable":true,"href":"https:\/\/h-moser.com\/fr\/wp-json\/wp\/v2\/media\/35293"}],"wp:attachment":[{"href":"https:\/\/h-moser.com\/fr\/wp-json\/wp\/v2\/media?parent=35275"}],"wp:term":[{"taxonomy":"product_brand","embeddable":true,"href":"https:\/\/h-moser.com\/fr\/wp-json\/wp\/v2\/product_brand?post=35275"},{"taxonomy":"product_cat","embeddable":true,"href":"https:\/\/h-moser.com\/fr\/wp-json\/wp\/v2\/product_cat?post=35275"},{"taxonomy":"product_tag","embeddable":true,"href":"https:\/\/h-moser.com\/fr\/wp-json\/wp\/v2\/product_tag?post=35275"}],"curies":[{"name":"wp","href":"https:\/\/api.w.org\/{rel}","templated":true}]}}