{"id":37831,"date":"2022-01-19T09:18:08","date_gmt":"2022-01-19T08:27:25","guid":{"rendered":"https:\/\/h-moser.com\/?post_type=product&#038;p=37831"},"modified":"2024-03-05T12:25:03","modified_gmt":"2024-03-05T11:25:03","slug":"endeavour-small-seconds-total-eclipse-1327-1200","status":"publish","type":"product","link":"https:\/\/h-moser.com\/fr\/produit\/endeavour-small-seconds-total-eclipse-1327-1200\/","title":{"rendered":"Endeavour Small Seconds Total Eclipse"},"content":{"rendered":"<p>Issu de l\u2019association in\u00e9dite de deux marques de mondes diff\u00e9rents, le mod\u00e8le Endeavour Small Seconds Total Eclipse combine le meilleur de chaque univers. D\u00e9clin\u00e9 en deux variantes, ce mod\u00e8le exclusif est inspir\u00e9 de la marque de v\u00eatements tr\u00e8s pointue pour hommes <span style=\"color: #007aff;\"><a style=\"color: #007aff;\" href=\"https:\/\/thearmoury.com\/\" target=\"_blank\" rel=\"noopener noreferrer\">The Armoury<\/a><\/span>, qui se distingue par l\u2019excellence de son savoir-faire et son \u00e9l\u00e9gance extr\u00eame. Les aiguilles Breguet et les index subtils cr\u00e9ent un remarquable contraste avec le cadran Vantablack\u00ae, tout en lui conf\u00e9rant une allure d\u00e9licatement \u00e9pur\u00e9e.<\/p>\n","protected":false},"excerpt":{"rendered":"<p>Issu de l\u2019association in\u00e9dite de deux marques de mondes diff\u00e9rents, le mod\u00e8le Endeavour Small Seconds Total Eclipse combine le meilleur de chaque univers. D\u00e9clin\u00e9 en deux variantes, ce mod\u00e8le exclusif est inspir\u00e9 de la marque de v\u00eatements tr\u00e8s pointue pour hommes The Armoury, qui se distingue par l\u2019excellence de son savoir-faire et son \u00e9l\u00e9gance extr\u00eame. &hellip; <a href=\"https:\/\/h-moser.com\/fr\/produit\/endeavour-small-seconds-total-eclipse-1327-1200\/\">Continued<\/a><\/p>\n","protected":false},"featured_media":37820,"template":"","meta":{"_acf_changed":false,"_seopress_robots_primary_cat":"none","_seopress_titles_title":"","_seopress_titles_desc":"","_seopress_robots_index":""},"product_brand":[],"product_cat":[168,1896],"product_tag":[],"class_list":{"0":"post-37831","1":"product","2":"type-product","3":"status-publish","4":"has-post-thumbnail","6":"product_cat-endeavour-fr-2","7":"product_cat-endeavour-models-fr","9":"first","10":"unavailable","11":"shipping-taxable","12":"purchasable","13":"product-type-simple"},"acf":[],"_links":{"self":[{"href":"https:\/\/h-moser.com\/fr\/wp-json\/wp\/v2\/product\/37831","targetHints":{"allow":["GET"]}}],"collection":[{"href":"https:\/\/h-moser.com\/fr\/wp-json\/wp\/v2\/product"}],"about":[{"href":"https:\/\/h-moser.com\/fr\/wp-json\/wp\/v2\/types\/product"}],"wp:featuredmedia":[{"embeddable":true,"href":"https:\/\/h-moser.com\/fr\/wp-json\/wp\/v2\/media\/37820"}],"wp:attachment":[{"href":"https:\/\/h-moser.com\/fr\/wp-json\/wp\/v2\/media?parent=37831"}],"wp:term":[{"taxonomy":"product_brand","embeddable":true,"href":"https:\/\/h-moser.com\/fr\/wp-json\/wp\/v2\/product_brand?post=37831"},{"taxonomy":"product_cat","embeddable":true,"href":"https:\/\/h-moser.com\/fr\/wp-json\/wp\/v2\/product_cat?post=37831"},{"taxonomy":"product_tag","embeddable":true,"href":"https:\/\/h-moser.com\/fr\/wp-json\/wp\/v2\/product_tag?post=37831"}],"curies":[{"name":"wp","href":"https:\/\/api.w.org\/{rel}","templated":true}]}}