{"id":39789,"date":"2022-02-14T09:09:15","date_gmt":"2022-02-14T08:21:47","guid":{"rendered":"https:\/\/h-moser.com\/?post_type=product&#038;p=39789"},"modified":"2024-03-05T12:23:50","modified_gmt":"2024-03-05T11:23:50","slug":"endeavour-perpetual-calendar-tutorial","status":"publish","type":"product","link":"https:\/\/h-moser.com\/fr\/produit\/endeavour-perpetual-calendar-tutorial\/","title":{"rendered":"Endeavour Perpetual Calendar Tutorial"},"content":{"rendered":"<p>Fid\u00e8le \u00e0 l\u2019esprit peu conventionnel de H.\u00a0Moser\u00a0&amp;\u00a0Cie., la s\u00e9rie sp\u00e9ciale Endeavour Perpetual Calendar Tutorial adopte une approche radicalement oppos\u00e9e \u00e0 la philosophie de la marque. La simplicit\u00e9 du mouvement \u00e0 quanti\u00e8me perp\u00e9tuel est mise en \u00e9vidence avec humour par des esquisses et des notes qui pr\u00e9sentent ses ing\u00e9nieuses caract\u00e9ristiques techniques.<\/p>\n","protected":false},"excerpt":{"rendered":"<p>Fid\u00e8le \u00e0 l\u2019esprit peu conventionnel de H.\u00a0Moser\u00a0&amp;\u00a0Cie., la s\u00e9rie sp\u00e9ciale Endeavour Perpetual Calendar Tutorial adopte une approche radicalement oppos\u00e9e \u00e0 la philosophie de la marque. La simplicit\u00e9 du mouvement \u00e0 quanti\u00e8me perp\u00e9tuel est mise en \u00e9vidence avec humour par des esquisses et des notes qui pr\u00e9sentent ses ing\u00e9nieuses caract\u00e9ristiques techniques.<\/p>\n","protected":false},"featured_media":39565,"template":"","meta":{"_acf_changed":false,"_seopress_robots_primary_cat":"none","_seopress_titles_title":"","_seopress_titles_desc":"","_seopress_robots_index":""},"product_brand":[],"product_cat":[1896],"product_tag":[],"class_list":{"0":"post-39789","1":"product","2":"type-product","3":"status-publish","4":"has-post-thumbnail","6":"product_cat-endeavour-models-fr","8":"first","9":"unavailable","10":"shipping-taxable","11":"purchasable","12":"product-type-simple"},"acf":[],"_links":{"self":[{"href":"https:\/\/h-moser.com\/fr\/wp-json\/wp\/v2\/product\/39789","targetHints":{"allow":["GET"]}}],"collection":[{"href":"https:\/\/h-moser.com\/fr\/wp-json\/wp\/v2\/product"}],"about":[{"href":"https:\/\/h-moser.com\/fr\/wp-json\/wp\/v2\/types\/product"}],"wp:featuredmedia":[{"embeddable":true,"href":"https:\/\/h-moser.com\/fr\/wp-json\/wp\/v2\/media\/39565"}],"wp:attachment":[{"href":"https:\/\/h-moser.com\/fr\/wp-json\/wp\/v2\/media?parent=39789"}],"wp:term":[{"taxonomy":"product_brand","embeddable":true,"href":"https:\/\/h-moser.com\/fr\/wp-json\/wp\/v2\/product_brand?post=39789"},{"taxonomy":"product_cat","embeddable":true,"href":"https:\/\/h-moser.com\/fr\/wp-json\/wp\/v2\/product_cat?post=39789"},{"taxonomy":"product_tag","embeddable":true,"href":"https:\/\/h-moser.com\/fr\/wp-json\/wp\/v2\/product_tag?post=39789"}],"curies":[{"name":"wp","href":"https:\/\/api.w.org\/{rel}","templated":true}]}}