{"id":41990,"date":"2025-03-31T15:40:49","date_gmt":"2022-03-22T08:38:16","guid":{"rendered":"https:\/\/h-moser.com\/?post_type=product&#038;p=41990"},"modified":"2024-03-26T17:03:47","modified_gmt":"2024-03-26T16:03:47","slug":"endeavour-centre-seconds-concept-lime-green-1200-1233","status":"publish","type":"product","link":"https:\/\/h-moser.com\/fr\/produit\/endeavour-centre-seconds-concept-lime-green-1200-1233\/","title":{"rendered":"Endeavour Centre Seconds Concept Lime Green"},"content":{"rendered":"<p>En revisitant et modernisant l\u2019art traditionnel de l\u2019\u00e9maillage, la Endeavour Centre Seconds Concept Lime Green d\u00e9voile un cadran en \u00e9mail dont l\u2019esth\u00e9tique fum\u00e9e est associ\u00e9e \u00e0 une texture martel\u00e9e. Log\u00e9e dans un bo\u00eetier en acier, la montre est anim\u00e9e par un calibre automatique dot\u00e9 d\u2019un double spiral. L\u2019\u00e9mail grand feu, une technique artisanale fascinante revisit\u00e9e par H.\u00a0Moser\u00a0&amp; Cie., est plac\u00e9 sous le feu&#8230; des projecteurs.<\/p>\n","protected":false},"excerpt":{"rendered":"<p>En revisitant et modernisant l\u2019art traditionnel de l\u2019\u00e9maillage, la Endeavour Centre Seconds Concept Lime Green d\u00e9voile un cadran en \u00e9mail dont l\u2019esth\u00e9tique fum\u00e9e est associ\u00e9e \u00e0 une texture martel\u00e9e. Log\u00e9e dans un bo\u00eetier en acier, la montre est anim\u00e9e par un calibre automatique dot\u00e9 d\u2019un double spiral. L\u2019\u00e9mail grand feu, une technique artisanale fascinante revisit\u00e9e &hellip; <a href=\"https:\/\/h-moser.com\/fr\/produit\/endeavour-centre-seconds-concept-lime-green-1200-1233\/\">Continued<\/a><\/p>\n","protected":false},"featured_media":41944,"template":"","meta":{"_acf_changed":false,"_seopress_robots_primary_cat":"none","_seopress_titles_title":"","_seopress_titles_desc":"","_seopress_robots_index":""},"product_brand":[],"product_cat":[178],"product_tag":[],"class_list":{"0":"post-41990","1":"product","2":"type-product","3":"status-publish","4":"has-post-thumbnail","6":"product_cat-centre-seconds-fr","8":"first","9":"instock","10":"shipping-taxable","11":"purchasable","12":"product-type-simple"},"acf":[],"_links":{"self":[{"href":"https:\/\/h-moser.com\/fr\/wp-json\/wp\/v2\/product\/41990","targetHints":{"allow":["GET"]}}],"collection":[{"href":"https:\/\/h-moser.com\/fr\/wp-json\/wp\/v2\/product"}],"about":[{"href":"https:\/\/h-moser.com\/fr\/wp-json\/wp\/v2\/types\/product"}],"wp:featuredmedia":[{"embeddable":true,"href":"https:\/\/h-moser.com\/fr\/wp-json\/wp\/v2\/media\/41944"}],"wp:attachment":[{"href":"https:\/\/h-moser.com\/fr\/wp-json\/wp\/v2\/media?parent=41990"}],"wp:term":[{"taxonomy":"product_brand","embeddable":true,"href":"https:\/\/h-moser.com\/fr\/wp-json\/wp\/v2\/product_brand?post=41990"},{"taxonomy":"product_cat","embeddable":true,"href":"https:\/\/h-moser.com\/fr\/wp-json\/wp\/v2\/product_cat?post=41990"},{"taxonomy":"product_tag","embeddable":true,"href":"https:\/\/h-moser.com\/fr\/wp-json\/wp\/v2\/product_tag?post=41990"}],"curies":[{"name":"wp","href":"https:\/\/api.w.org\/{rel}","templated":true}]}}