{"id":42381,"date":"2022-03-29T09:21:40","date_gmt":"2022-03-29T07:21:59","guid":{"rendered":"https:\/\/h-moser.com\/?post_type=product&#038;p=42381"},"modified":"2024-03-26T16:50:28","modified_gmt":"2024-03-26T15:50:28","slug":"pioneer-cylindrical-tourbillon-skeleton","status":"publish","type":"product","link":"https:\/\/h-moser.com\/fr\/produit\/pioneer-cylindrical-tourbillon-skeleton\/","title":{"rendered":"Pioneer Cylindrical Tourbillon Skeleton"},"content":{"rendered":"<p>Premier mod\u00e8le du genre pour la manufacture ind\u00e9pendante, le Pioneer Cylindrical Tourbillon Skeleton en acier avec un sous-cadran bomb\u00e9 Funky Blue fum\u00e9 \u00e0 12\u00a0heures offre une vue imprenable sur son remarquable mouvement tridimensionnel. L\u2019association du spiral cylindrique et du tourbillon volant une minute \u00e0 6\u00a0heures garantit le plus haut degr\u00e9 de pr\u00e9cision tout en offrant un spectacle fascinant, riche en mouvements et en contrastes.<\/p>\n","protected":false},"excerpt":{"rendered":"<p>Premier mod\u00e8le du genre pour la manufacture ind\u00e9pendante, le Pioneer Cylindrical Tourbillon Skeleton en acier avec un sous-cadran bomb\u00e9 Funky Blue fum\u00e9 \u00e0 12\u00a0heures offre une vue imprenable sur son remarquable mouvement tridimensionnel. L\u2019association du spiral cylindrique et du tourbillon volant une minute \u00e0 6\u00a0heures garantit le plus haut degr\u00e9 de pr\u00e9cision tout en offrant &hellip; <a href=\"https:\/\/h-moser.com\/fr\/produit\/pioneer-cylindrical-tourbillon-skeleton\/\">Continued<\/a><\/p>\n","protected":false},"featured_media":42691,"template":"","meta":{"_acf_changed":false,"_seopress_robots_primary_cat":"none","_seopress_titles_title":"","_seopress_titles_desc":"","_seopress_robots_index":""},"product_brand":[],"product_cat":[1536,273],"product_tag":[],"class_list":{"0":"post-42381","1":"product","2":"type-product","3":"status-publish","4":"has-post-thumbnail","6":"product_cat-cylindrical-tourbillon-2-fr","7":"product_cat-pioneer-fr","9":"first","10":"instock","11":"shipping-taxable","12":"purchasable","13":"product-type-simple"},"acf":[],"_links":{"self":[{"href":"https:\/\/h-moser.com\/fr\/wp-json\/wp\/v2\/product\/42381","targetHints":{"allow":["GET"]}}],"collection":[{"href":"https:\/\/h-moser.com\/fr\/wp-json\/wp\/v2\/product"}],"about":[{"href":"https:\/\/h-moser.com\/fr\/wp-json\/wp\/v2\/types\/product"}],"wp:featuredmedia":[{"embeddable":true,"href":"https:\/\/h-moser.com\/fr\/wp-json\/wp\/v2\/media\/42691"}],"wp:attachment":[{"href":"https:\/\/h-moser.com\/fr\/wp-json\/wp\/v2\/media?parent=42381"}],"wp:term":[{"taxonomy":"product_brand","embeddable":true,"href":"https:\/\/h-moser.com\/fr\/wp-json\/wp\/v2\/product_brand?post=42381"},{"taxonomy":"product_cat","embeddable":true,"href":"https:\/\/h-moser.com\/fr\/wp-json\/wp\/v2\/product_cat?post=42381"},{"taxonomy":"product_tag","embeddable":true,"href":"https:\/\/h-moser.com\/fr\/wp-json\/wp\/v2\/product_tag?post=42381"}],"curies":[{"name":"wp","href":"https:\/\/api.w.org\/{rel}","templated":true}]}}