{"id":46192,"date":"2024-11-18T09:22:41","date_gmt":"2022-05-18T07:31:30","guid":{"rendered":"https:\/\/h-moser.com\/?post_type=product&#038;p=46192"},"modified":"2022-05-18T10:40:13","modified_gmt":"2022-05-18T08:40:13","slug":"endeavour-concept-minute-repeater-tourbillon-aqua-blue-1904-0400","status":"publish","type":"product","link":"https:\/\/h-moser.com\/fr\/produit\/endeavour-concept-minute-repeater-tourbillon-aqua-blue-1904-0400\/","title":{"rendered":"Endeavour Concept Minute Repeater"},"content":{"rendered":"<p>Associant complexit\u00e9 m\u00e9canique et esth\u00e9tique contemporaine, le mod\u00e8le Endeavour Concept Minute Repeater Tourbillon en or rouge muni du cadran Aqua Blue offre un spectacle cin\u00e9tique dans une symphonie \u00e0 l\u2019harmonie magistrale. Repoussant les limites techniques, les timbres et les marteaux sont audacieusement plac\u00e9s du c\u00f4t\u00e9 du cadran dans un d\u00e9licat bo\u00eetier de 40 mm. Le r\u00e9cital envo\u00fbtant est mis en valeur par le cadran en \u00e9mail \u00ab\u00a0Grand feu\u00a0\u00bb d&rsquo;une toute nouvelle couleur sur une base \u00e0 texture martel\u00e9e.<\/p>\n","protected":false},"excerpt":{"rendered":"<p>Associant complexit\u00e9 m\u00e9canique et esth\u00e9tique contemporaine, le mod\u00e8le Endeavour Concept Minute Repeater Tourbillon en or rouge muni du cadran Aqua Blue offre un spectacle cin\u00e9tique dans une symphonie \u00e0 l\u2019harmonie magistrale. Repoussant les limites techniques, les timbres et les marteaux sont audacieusement plac\u00e9s du c\u00f4t\u00e9 du cadran dans un d\u00e9licat bo\u00eetier de 40 mm. Le &hellip; <a href=\"https:\/\/h-moser.com\/fr\/produit\/endeavour-concept-minute-repeater-tourbillon-aqua-blue-1904-0400\/\">Continued<\/a><\/p>\n","protected":false},"featured_media":46234,"template":"","meta":{"_acf_changed":false,"_seopress_robots_primary_cat":"none","_seopress_titles_title":"","_seopress_titles_desc":"","_seopress_robots_index":""},"product_brand":[],"product_cat":[168,1338,224,192],"product_tag":[],"class_list":{"0":"post-46192","1":"product","2":"type-product","3":"status-publish","4":"has-post-thumbnail","6":"product_cat-endeavour-fr-2","7":"product_cat-endeavour-minute-repeater-fr","8":"product_cat-exceptionals-fr","9":"product_cat-minute-repeater-fr","11":"first","12":"instock","13":"shipping-taxable","14":"product-type-simple"},"acf":[],"_links":{"self":[{"href":"https:\/\/h-moser.com\/fr\/wp-json\/wp\/v2\/product\/46192","targetHints":{"allow":["GET"]}}],"collection":[{"href":"https:\/\/h-moser.com\/fr\/wp-json\/wp\/v2\/product"}],"about":[{"href":"https:\/\/h-moser.com\/fr\/wp-json\/wp\/v2\/types\/product"}],"wp:featuredmedia":[{"embeddable":true,"href":"https:\/\/h-moser.com\/fr\/wp-json\/wp\/v2\/media\/46234"}],"wp:attachment":[{"href":"https:\/\/h-moser.com\/fr\/wp-json\/wp\/v2\/media?parent=46192"}],"wp:term":[{"taxonomy":"product_brand","embeddable":true,"href":"https:\/\/h-moser.com\/fr\/wp-json\/wp\/v2\/product_brand?post=46192"},{"taxonomy":"product_cat","embeddable":true,"href":"https:\/\/h-moser.com\/fr\/wp-json\/wp\/v2\/product_cat?post=46192"},{"taxonomy":"product_tag","embeddable":true,"href":"https:\/\/h-moser.com\/fr\/wp-json\/wp\/v2\/product_tag?post=46192"}],"curies":[{"name":"wp","href":"https:\/\/api.w.org\/{rel}","templated":true}]}}