{"id":48239,"date":"2022-06-15T15:40:14","date_gmt":"2022-06-15T13:42:23","guid":{"rendered":"https:\/\/h-moser.com\/?post_type=product&#038;p=48239"},"modified":"2024-11-28T14:43:42","modified_gmt":"2024-11-28T13:43:42","slug":"streamliner-chronograph-undefeated-6902-1206","status":"publish","type":"product","link":"https:\/\/h-moser.com\/fr\/produit\/streamliner-chronograph-undefeated-6902-1206\/","title":{"rendered":"Streamliner Chronograph UNDEFEATED"},"content":{"rendered":"<p>Le Streamliner Chronograph Automatic en acier DLC avec cadran Tiger Camo fum\u00e9 est le produit audacieux, mais r\u00e9alis\u00e9 avec go\u00fbt, de la collaboration entre H. Moser &amp; Cie. et la marque de streetwear<a href=\"https:\/\/undefeated.com\/\"> UNDEFEATED<\/a>. T\u00e9moignant de valeurs communes aux deux marques telles que l&rsquo;int\u00e9grit\u00e9 et l&rsquo;expression de soi d\u00e9complex\u00e9e, le cadran de cet ing\u00e9nieux chronographe flyback est grav\u00e9 d&rsquo;un motif, dont les couleurs sont nuanc\u00e9es par plusieurs couches de laque. Le remarquable rev\u00eatement DLC du bo\u00eetier coussin et le bracelet acier int\u00e9gr\u00e9 rehaussent le caract\u00e8re audacieux de cette pi\u00e8ce. Pour c\u00e9l\u00e9brer cette collaboration, les clients re\u00e7oivent une collection capsule contenant une horloge murale assortie et une veste Tiger Camo.<\/p>\n","protected":false},"excerpt":{"rendered":"<p>Le Streamliner Chronograph Automatic en acier DLC avec cadran Tiger Camo fum\u00e9 est le produit audacieux, mais r\u00e9alis\u00e9 avec go\u00fbt, de la collaboration entre H. Moser &amp; Cie. et la marque de streetwear UNDEFEATED. T\u00e9moignant de valeurs communes aux deux marques telles que l&rsquo;int\u00e9grit\u00e9 et l&rsquo;expression de soi d\u00e9complex\u00e9e, le cadran de cet ing\u00e9nieux chronographe &hellip; <a href=\"https:\/\/h-moser.com\/fr\/produit\/streamliner-chronograph-undefeated-6902-1206\/\">Continued<\/a><\/p>\n","protected":false},"featured_media":48011,"template":"","meta":{"_acf_changed":false,"_seopress_robots_primary_cat":"none","_seopress_titles_title":"","_seopress_titles_desc":"","_seopress_robots_index":""},"product_brand":[],"product_cat":[1594,99],"product_tag":[],"class_list":{"0":"post-48239","1":"product","2":"type-product","3":"status-publish","4":"has-post-thumbnail","6":"product_cat-chronograph-undefeated-fr","7":"product_cat-streamliner-fr","9":"first","10":"outofstock","11":"shipping-taxable","12":"purchasable","13":"product-type-simple"},"acf":[],"_links":{"self":[{"href":"https:\/\/h-moser.com\/fr\/wp-json\/wp\/v2\/product\/48239","targetHints":{"allow":["GET"]}}],"collection":[{"href":"https:\/\/h-moser.com\/fr\/wp-json\/wp\/v2\/product"}],"about":[{"href":"https:\/\/h-moser.com\/fr\/wp-json\/wp\/v2\/types\/product"}],"wp:featuredmedia":[{"embeddable":true,"href":"https:\/\/h-moser.com\/fr\/wp-json\/wp\/v2\/media\/48011"}],"wp:attachment":[{"href":"https:\/\/h-moser.com\/fr\/wp-json\/wp\/v2\/media?parent=48239"}],"wp:term":[{"taxonomy":"product_brand","embeddable":true,"href":"https:\/\/h-moser.com\/fr\/wp-json\/wp\/v2\/product_brand?post=48239"},{"taxonomy":"product_cat","embeddable":true,"href":"https:\/\/h-moser.com\/fr\/wp-json\/wp\/v2\/product_cat?post=48239"},{"taxonomy":"product_tag","embeddable":true,"href":"https:\/\/h-moser.com\/fr\/wp-json\/wp\/v2\/product_tag?post=48239"}],"curies":[{"name":"wp","href":"https:\/\/api.w.org\/{rel}","templated":true}]}}