{"id":52689,"date":"2022-08-24T09:12:15","date_gmt":"2022-08-24T07:14:05","guid":{"rendered":"https:\/\/h-moser.com\/?post_type=product&#038;p=52689"},"modified":"2024-11-21T13:29:25","modified_gmt":"2024-11-21T12:29:25","slug":"streamliner-tourbillon-6804-0400","status":"publish","type":"product","link":"https:\/\/h-moser.com\/fr\/produit\/streamliner-tourbillon-6804-0400\/","title":{"rendered":"Streamliner Tourbillon"},"content":{"rendered":"<p>Apr\u00e8s le tout acier, H. Moser &amp; Cie. habille son mod\u00e8le Streamliner d\u2019or rouge dans une ode \u00e0 la sobri\u00e9t\u00e9 dont la puret\u00e9 esth\u00e9tique fait pendant \u00e0 la complexit\u00e9 du mouvement et des mat\u00e9riaux choisis. Dans un jeu de contrastes saisissants, H. Moser &amp; Cie. distille l\u2019essence du tourbillon, m\u00e9canisme traditionnel de haute horlogerie par excellence, en l\u2019associant au Vantablack\u00ae, un rev\u00eatement novateur issu de l\u2019astrophysique ou emprunt\u00e9 \u00e0 l\u2019industrie a\u00e9ronautique. \u00c9pur\u00e9, ultra contemporain et intemporel.<\/p>\n","protected":false},"excerpt":{"rendered":"<p>Apr\u00e8s le tout acier, H. Moser &amp; Cie. habille son mod\u00e8le Streamliner d\u2019or rouge dans une ode \u00e0 la sobri\u00e9t\u00e9 dont la puret\u00e9 esth\u00e9tique fait pendant \u00e0 la complexit\u00e9 du mouvement et des mat\u00e9riaux choisis. Dans un jeu de contrastes saisissants, H. Moser &amp; Cie. distille l\u2019essence du tourbillon, m\u00e9canisme traditionnel de haute horlogerie par &hellip; <a href=\"https:\/\/h-moser.com\/fr\/produit\/streamliner-tourbillon-6804-0400\/\">Continued<\/a><\/p>\n","protected":false},"featured_media":52671,"template":"","meta":{"_acf_changed":false,"_seopress_robots_primary_cat":"none","_seopress_titles_title":"","_seopress_titles_desc":"","_seopress_robots_index":""},"product_brand":[],"product_cat":[99,1680],"product_tag":[],"class_list":{"0":"post-52689","1":"product","2":"type-product","3":"status-publish","4":"has-post-thumbnail","6":"product_cat-streamliner-fr","7":"product_cat-tourbillon-fr-2","9":"first","10":"instock","11":"shipping-taxable","12":"purchasable","13":"product-type-simple"},"acf":[],"_links":{"self":[{"href":"https:\/\/h-moser.com\/fr\/wp-json\/wp\/v2\/product\/52689","targetHints":{"allow":["GET"]}}],"collection":[{"href":"https:\/\/h-moser.com\/fr\/wp-json\/wp\/v2\/product"}],"about":[{"href":"https:\/\/h-moser.com\/fr\/wp-json\/wp\/v2\/types\/product"}],"wp:featuredmedia":[{"embeddable":true,"href":"https:\/\/h-moser.com\/fr\/wp-json\/wp\/v2\/media\/52671"}],"wp:attachment":[{"href":"https:\/\/h-moser.com\/fr\/wp-json\/wp\/v2\/media?parent=52689"}],"wp:term":[{"taxonomy":"product_brand","embeddable":true,"href":"https:\/\/h-moser.com\/fr\/wp-json\/wp\/v2\/product_brand?post=52689"},{"taxonomy":"product_cat","embeddable":true,"href":"https:\/\/h-moser.com\/fr\/wp-json\/wp\/v2\/product_cat?post=52689"},{"taxonomy":"product_tag","embeddable":true,"href":"https:\/\/h-moser.com\/fr\/wp-json\/wp\/v2\/product_tag?post=52689"}],"curies":[{"name":"wp","href":"https:\/\/api.w.org\/{rel}","templated":true}]}}