{"id":56573,"date":"2022-12-01T08:56:44","date_gmt":"2022-12-01T07:57:02","guid":{"rendered":"https:\/\/h-moser.com\/?post_type=product&#038;p=56573"},"modified":"2024-11-28T08:06:02","modified_gmt":"2024-11-28T07:06:02","slug":"endeavour-centre-seconds-vantablack-1200-1235","status":"publish","type":"product","link":"https:\/\/h-moser.com\/fr\/produit\/endeavour-centre-seconds-vantablack-1200-1235\/","title":{"rendered":"Endeavour Centre Seconds Vantablack\u00ae"},"content":{"rendered":"<p>D&rsquo;un minimalisme saisissant tout en offrant une incroyable profondeur visuelle, le mod\u00e8le Endeavour Centre Seconds Vantablack\u00ae est associ\u00e9 \u00e0 un rev\u00eatement novateur\u2013\u00a0utilis\u00e9 en astrophysique\u00a0\u2013 connu comme le mat\u00e9riau artificiel le plus noir qui existe. Cette montre joue avec le contraste entre les mati\u00e8res en ajoutant des index, appliqu\u00e9s par l\u2019arri\u00e8re du cadran. Le mod\u00e8le Endeavour Centre Seconds Vantablack\u00ae se distingue \u00e9galement par son double spiral, signal\u00e9 par l&rsquo;aiguille des secondes violette.<\/p>\n","protected":false},"excerpt":{"rendered":"<p>D&rsquo;un minimalisme saisissant tout en offrant une incroyable profondeur visuelle, le mod\u00e8le Endeavour Centre Seconds Vantablack\u00ae est associ\u00e9 \u00e0 un rev\u00eatement novateur\u2013\u00a0utilis\u00e9 en astrophysique\u00a0\u2013 connu comme le mat\u00e9riau artificiel le plus noir qui existe. Cette montre joue avec le contraste entre les mati\u00e8res en ajoutant des index, appliqu\u00e9s par l\u2019arri\u00e8re du cadran. Le mod\u00e8le Endeavour &hellip; <a href=\"https:\/\/h-moser.com\/fr\/produit\/endeavour-centre-seconds-vantablack-1200-1235\/\">Continued<\/a><\/p>\n","protected":false},"featured_media":56551,"template":"","meta":{"_acf_changed":false,"_seopress_robots_primary_cat":"none","_seopress_titles_title":"","_seopress_titles_desc":"","_seopress_robots_index":""},"product_brand":[],"product_cat":[168],"product_tag":[],"class_list":{"0":"post-56573","1":"product","2":"type-product","3":"status-publish","4":"has-post-thumbnail","6":"product_cat-endeavour-fr-2","8":"first","9":"outofstock","10":"shipping-taxable","11":"purchasable","12":"product-type-simple"},"acf":[],"_links":{"self":[{"href":"https:\/\/h-moser.com\/fr\/wp-json\/wp\/v2\/product\/56573","targetHints":{"allow":["GET"]}}],"collection":[{"href":"https:\/\/h-moser.com\/fr\/wp-json\/wp\/v2\/product"}],"about":[{"href":"https:\/\/h-moser.com\/fr\/wp-json\/wp\/v2\/types\/product"}],"wp:featuredmedia":[{"embeddable":true,"href":"https:\/\/h-moser.com\/fr\/wp-json\/wp\/v2\/media\/56551"}],"wp:attachment":[{"href":"https:\/\/h-moser.com\/fr\/wp-json\/wp\/v2\/media?parent=56573"}],"wp:term":[{"taxonomy":"product_brand","embeddable":true,"href":"https:\/\/h-moser.com\/fr\/wp-json\/wp\/v2\/product_brand?post=56573"},{"taxonomy":"product_cat","embeddable":true,"href":"https:\/\/h-moser.com\/fr\/wp-json\/wp\/v2\/product_cat?post=56573"},{"taxonomy":"product_tag","embeddable":true,"href":"https:\/\/h-moser.com\/fr\/wp-json\/wp\/v2\/product_tag?post=56573"}],"curies":[{"name":"wp","href":"https:\/\/api.w.org\/{rel}","templated":true}]}}