{"id":57613,"date":"2022-12-14T09:49:15","date_gmt":"2022-12-14T08:49:15","guid":{"rendered":"https:\/\/h-moser.com\/product\/endeavour-centre-seconds-genesis-1200-1238\/"},"modified":"2026-04-13T07:52:13","modified_gmt":"2026-04-13T05:52:13","slug":"endeavour-centre-seconds-genesis-1200-1238","status":"publish","type":"product","link":"https:\/\/h-moser.com\/fr\/produit\/endeavour-centre-seconds-genesis-1200-1238\/","title":{"rendered":"Endeavour Centre Seconds Genesis"},"content":{"rendered":"<p>Une montre hybride qui int\u00e8gre les codes esth\u00e9tiques du virtuel au r\u00e9el, puisque sa lunette et sa couronne en titane imprim\u00e9 3D paraissent pixellis\u00e9es, s\u2019associant parfaitement avec son bo\u00eetier en acier microbill\u00e9. Chaque montre Genesis arbore un code QR unique grav\u00e9 sur son verre saphir, permettant d&rsquo;authentifier la propri\u00e9t\u00e9 de la montre et offrant \u00e0 son propri\u00e9taire un acc\u00e8s privil\u00e9gi\u00e9 \u00e0 tout l\u2019\u00e9cosyst\u00e8me digital et virtuel \u00e0 travers l&rsquo;application Moser d\u00e9di\u00e9e, ainsi que l&rsquo;acc\u00e8s aux deux prochaines pi\u00e8ces de ce triptyque exceptionnel. <a href=\"https:\/\/h-moser.com\/genesis\/\" data-type=\"URL\" data-id=\"https:\/\/h-moser.com\/genesis\/\"><span style=\"color: #5982c7;\"><strong>En savoir plus sur l&rsquo;\u00e9cosyst\u00e8me<\/strong><\/span>.<\/a><\/p>\n","protected":false},"excerpt":{"rendered":"<p>Une montre hybride qui int\u00e8gre les codes esth\u00e9tiques du virtuel au r\u00e9el, puisque sa lunette et sa couronne en titane imprim\u00e9 3D paraissent pixellis\u00e9es, s\u2019associant parfaitement avec son bo\u00eetier en acier microbill\u00e9. Chaque montre Genesis arbore un code QR unique grav\u00e9 sur son verre saphir, permettant d&rsquo;authentifier la propri\u00e9t\u00e9 de la montre et offrant \u00e0 &hellip; <a href=\"https:\/\/h-moser.com\/fr\/produit\/endeavour-centre-seconds-genesis-1200-1238\/\">Continued<\/a><\/p>\n","protected":false},"featured_media":57142,"template":"","meta":{"_acf_changed":false,"_seopress_robots_primary_cat":"none","_seopress_titles_title":"","_seopress_titles_desc":"","_seopress_robots_index":""},"product_brand":[],"product_cat":[168],"product_tag":[],"class_list":{"0":"post-57613","1":"product","2":"type-product","3":"status-publish","4":"has-post-thumbnail","6":"product_cat-endeavour-fr-2","8":"first","9":"outofstock","10":"shipping-taxable","11":"purchasable","12":"product-type-simple"},"acf":[],"_links":{"self":[{"href":"https:\/\/h-moser.com\/fr\/wp-json\/wp\/v2\/product\/57613","targetHints":{"allow":["GET"]}}],"collection":[{"href":"https:\/\/h-moser.com\/fr\/wp-json\/wp\/v2\/product"}],"about":[{"href":"https:\/\/h-moser.com\/fr\/wp-json\/wp\/v2\/types\/product"}],"wp:featuredmedia":[{"embeddable":true,"href":"https:\/\/h-moser.com\/fr\/wp-json\/wp\/v2\/media\/57142"}],"wp:attachment":[{"href":"https:\/\/h-moser.com\/fr\/wp-json\/wp\/v2\/media?parent=57613"}],"wp:term":[{"taxonomy":"product_brand","embeddable":true,"href":"https:\/\/h-moser.com\/fr\/wp-json\/wp\/v2\/product_brand?post=57613"},{"taxonomy":"product_cat","embeddable":true,"href":"https:\/\/h-moser.com\/fr\/wp-json\/wp\/v2\/product_cat?post=57613"},{"taxonomy":"product_tag","embeddable":true,"href":"https:\/\/h-moser.com\/fr\/wp-json\/wp\/v2\/product_tag?post=57613"}],"curies":[{"name":"wp","href":"https:\/\/api.w.org\/{rel}","templated":true}]}}