{"id":61803,"date":"2024-11-20T07:47:02","date_gmt":"2023-02-22T06:50:39","guid":{"rendered":"https:\/\/h-moser.com\/?post_type=product&#038;p=61803"},"modified":"2025-02-05T10:14:46","modified_gmt":"2025-02-05T09:14:46","slug":"endeavour-perpetual-calendar-1800-2000","status":"publish","type":"product","link":"https:\/\/h-moser.com\/fr\/produit\/endeavour-perpetual-calendar-1800-2000\/","title":{"rendered":"Endeavour Perpetual Calendar"},"content":{"rendered":"<p>Par\u00e9e de nuances anthracites et bleues, cette <span data-teams=\"true\">Endeavour Perpetual Calendar Tantalum Blue Enamel<\/span> revisite la complication embl\u00e9matique de H. Moser &amp; Cie. de fa\u00e7on saisissante. Le tantale \u2013 un m\u00e9tal stable et durable, extr\u00eamement difficile \u00e0 usiner et \u00e0 polir, et dot\u00e9 d\u2019une couleur unique \u2013 est associ\u00e9 \u00e0 la technique ancestrale de l\u2019\u00e9maillage grand feu pour offrir une nouvelle dimension de textures et de couleurs vives au garde-temps \u00e0 quanti\u00e8me perp\u00e9tuel le plus intuitif et le plus lisible au monde. Pour am\u00e9liorer encore la pr\u00e9cision, le mouvement est \u00e9quip\u00e9 d&rsquo;un double spiral. Cela permet d\u2019optimiser la mesure du temps tout en r\u00e9duisant les effets de la gravit\u00e9.<\/p>\n","protected":false},"excerpt":{"rendered":"<p>Par\u00e9e de nuances anthracites et bleues, cette Endeavour Perpetual Calendar Tantalum Blue Enamel revisite la complication embl\u00e9matique de H. Moser &amp; Cie. de fa\u00e7on saisissante. Le tantale \u2013 un m\u00e9tal stable et durable, extr\u00eamement difficile \u00e0 usiner et \u00e0 polir, et dot\u00e9 d\u2019une couleur unique \u2013 est associ\u00e9 \u00e0 la technique ancestrale de l\u2019\u00e9maillage grand &hellip; <a href=\"https:\/\/h-moser.com\/fr\/produit\/endeavour-perpetual-calendar-1800-2000\/\">Continued<\/a><\/p>\n","protected":false},"featured_media":61777,"template":"","meta":{"_acf_changed":false,"_seopress_robots_primary_cat":"none","_seopress_titles_title":"","_seopress_titles_desc":"","_seopress_robots_index":""},"product_brand":[],"product_cat":[168,198],"product_tag":[],"class_list":{"0":"post-61803","1":"product","2":"type-product","3":"status-publish","4":"has-post-thumbnail","6":"product_cat-endeavour-fr-2","7":"product_cat-perpetual-calendar-fr-2","9":"first","10":"instock","11":"shipping-taxable","12":"purchasable","13":"product-type-simple"},"acf":[],"_links":{"self":[{"href":"https:\/\/h-moser.com\/fr\/wp-json\/wp\/v2\/product\/61803","targetHints":{"allow":["GET"]}}],"collection":[{"href":"https:\/\/h-moser.com\/fr\/wp-json\/wp\/v2\/product"}],"about":[{"href":"https:\/\/h-moser.com\/fr\/wp-json\/wp\/v2\/types\/product"}],"wp:featuredmedia":[{"embeddable":true,"href":"https:\/\/h-moser.com\/fr\/wp-json\/wp\/v2\/media\/61777"}],"wp:attachment":[{"href":"https:\/\/h-moser.com\/fr\/wp-json\/wp\/v2\/media?parent=61803"}],"wp:term":[{"taxonomy":"product_brand","embeddable":true,"href":"https:\/\/h-moser.com\/fr\/wp-json\/wp\/v2\/product_brand?post=61803"},{"taxonomy":"product_cat","embeddable":true,"href":"https:\/\/h-moser.com\/fr\/wp-json\/wp\/v2\/product_cat?post=61803"},{"taxonomy":"product_tag","embeddable":true,"href":"https:\/\/h-moser.com\/fr\/wp-json\/wp\/v2\/product_tag?post=61803"}],"curies":[{"name":"wp","href":"https:\/\/api.w.org\/{rel}","templated":true}]}}