{"id":62154,"date":"2023-02-27T17:21:10","date_gmt":"2023-02-27T16:24:11","guid":{"rendered":"https:\/\/h-moser.com\/?post_type=product&#038;p=62154"},"modified":"2023-02-27T17:24:11","modified_gmt":"2023-02-27T16:24:11","slug":"streamliner-tourbillon-6804-1201","status":"publish","type":"product","link":"https:\/\/h-moser.com\/fr\/produit\/streamliner-tourbillon-6804-1201\/","title":{"rendered":"Streamliner Tourbillon"},"content":{"rendered":"<p>Issue de l\u2019immense expertise horlog\u00e8re de H.\u00a0Moser\u00a0&amp; Cie. combin\u00e9e \u00e0 l\u2019art du sertissage, la Streamliner Tourbillon Rainbow en acier brille de mille feux gr\u00e2ce ses saphirs. Les gemmes mont\u00e9es en serti invisible sur la lunette pr\u00e9sentent chacune une nuance diff\u00e9rente, formant ainsi un spectre complet de couleurs autour du cadran. Le tourbillon volant tourne au-dessus du cadran fum\u00e9 orn\u00e9 d\u2019un motif bross\u00e9-soleil, et apporte ainsi un \u00e9clat suppl\u00e9mentaire au garde-temps. Une version scintillante et ultracolor\u00e9e de la Streamliner.<\/p>\n","protected":false},"excerpt":{"rendered":"<p>Issue de l\u2019immense expertise horlog\u00e8re de H.\u00a0Moser\u00a0&amp; Cie. combin\u00e9e \u00e0 l\u2019art du sertissage, la Streamliner Tourbillon Rainbow en acier brille de mille feux gr\u00e2ce ses saphirs. Les gemmes mont\u00e9es en serti invisible sur la lunette pr\u00e9sentent chacune une nuance diff\u00e9rente, formant ainsi un spectre complet de couleurs autour du cadran. Le tourbillon volant tourne au-dessus &hellip; <a href=\"https:\/\/h-moser.com\/fr\/produit\/streamliner-tourbillon-6804-1201\/\">Continued<\/a><\/p>\n","protected":false},"featured_media":62108,"template":"","meta":{"_acf_changed":false,"_seopress_robots_primary_cat":"none","_seopress_titles_title":"","_seopress_titles_desc":"","_seopress_robots_index":""},"product_brand":[],"product_cat":[15],"product_tag":[],"class_list":{"0":"post-62154","1":"product","2":"type-product","3":"status-publish","4":"has-post-thumbnail","6":"product_cat-non-classe","8":"first","9":"instock","10":"shipping-taxable","11":"purchasable","12":"product-type-simple"},"acf":[],"_links":{"self":[{"href":"https:\/\/h-moser.com\/fr\/wp-json\/wp\/v2\/product\/62154","targetHints":{"allow":["GET"]}}],"collection":[{"href":"https:\/\/h-moser.com\/fr\/wp-json\/wp\/v2\/product"}],"about":[{"href":"https:\/\/h-moser.com\/fr\/wp-json\/wp\/v2\/types\/product"}],"wp:featuredmedia":[{"embeddable":true,"href":"https:\/\/h-moser.com\/fr\/wp-json\/wp\/v2\/media\/62108"}],"wp:attachment":[{"href":"https:\/\/h-moser.com\/fr\/wp-json\/wp\/v2\/media?parent=62154"}],"wp:term":[{"taxonomy":"product_brand","embeddable":true,"href":"https:\/\/h-moser.com\/fr\/wp-json\/wp\/v2\/product_brand?post=62154"},{"taxonomy":"product_cat","embeddable":true,"href":"https:\/\/h-moser.com\/fr\/wp-json\/wp\/v2\/product_cat?post=62154"},{"taxonomy":"product_tag","embeddable":true,"href":"https:\/\/h-moser.com\/fr\/wp-json\/wp\/v2\/product_tag?post=62154"}],"curies":[{"name":"wp","href":"https:\/\/api.w.org\/{rel}","templated":true}]}}