{"id":62207,"date":"2023-02-27T16:20:32","date_gmt":"2023-02-27T15:28:44","guid":{"rendered":"https:\/\/h-moser.com\/?post_type=product&#038;p=62207"},"modified":"2023-02-27T16:28:44","modified_gmt":"2023-02-27T15:28:44","slug":"streamliner-tourbillon-6804-0401","status":"publish","type":"product","link":"https:\/\/h-moser.com\/fr\/produit\/streamliner-tourbillon-6804-0401\/","title":{"rendered":"Streamliner Tourbillon"},"content":{"rendered":"<p>Issue de l\u2019expertise horlog\u00e8re de H.\u00a0Moser\u00a0&amp; Cie. combin\u00e9e \u00e0 l\u2019art du sertissage, la Streamliner Tourbillon Rainbow en or rouge brille de mille feux gr\u00e2ce \u00e0 ses saphirs. Les gemmes mont\u00e9es en sertissage invisible sur la lunette pr\u00e9sentent chacune une nuance diff\u00e9rente, formant ainsi un spectre complet de couleurs autour du cadran. Dans un jeu de contrastes saisissants, le tourbillon volant tourne au-dessus du cadran r\u00e9alis\u00e9 en Vantablack\u00ae, un rev\u00eatement novateur utilis\u00e9 en astrophysique et emprunt\u00e9 \u00e0 l\u2019industrie a\u00e9ronautique.<\/p>\n","protected":false},"excerpt":{"rendered":"<p>Issue de l\u2019expertise horlog\u00e8re de H.\u00a0Moser\u00a0&amp; Cie. combin\u00e9e \u00e0 l\u2019art du sertissage, la Streamliner Tourbillon Rainbow en or rouge brille de mille feux gr\u00e2ce \u00e0 ses saphirs. Les gemmes mont\u00e9es en sertissage invisible sur la lunette pr\u00e9sentent chacune une nuance diff\u00e9rente, formant ainsi un spectre complet de couleurs autour du cadran. Dans un jeu de &hellip; <a href=\"https:\/\/h-moser.com\/fr\/produit\/streamliner-tourbillon-6804-0401\/\">Continued<\/a><\/p>\n","protected":false},"featured_media":62196,"template":"","meta":{"_acf_changed":false,"_seopress_robots_primary_cat":"none","_seopress_titles_title":"","_seopress_titles_desc":"","_seopress_robots_index":""},"product_brand":[],"product_cat":[2391],"product_tag":[],"class_list":{"0":"post-62207","1":"product","2":"type-product","3":"status-publish","4":"has-post-thumbnail","6":"product_cat-rainbow-fr","8":"first","9":"instock","10":"shipping-taxable","11":"purchasable","12":"product-type-simple"},"acf":[],"_links":{"self":[{"href":"https:\/\/h-moser.com\/fr\/wp-json\/wp\/v2\/product\/62207","targetHints":{"allow":["GET"]}}],"collection":[{"href":"https:\/\/h-moser.com\/fr\/wp-json\/wp\/v2\/product"}],"about":[{"href":"https:\/\/h-moser.com\/fr\/wp-json\/wp\/v2\/types\/product"}],"wp:featuredmedia":[{"embeddable":true,"href":"https:\/\/h-moser.com\/fr\/wp-json\/wp\/v2\/media\/62196"}],"wp:attachment":[{"href":"https:\/\/h-moser.com\/fr\/wp-json\/wp\/v2\/media?parent=62207"}],"wp:term":[{"taxonomy":"product_brand","embeddable":true,"href":"https:\/\/h-moser.com\/fr\/wp-json\/wp\/v2\/product_brand?post=62207"},{"taxonomy":"product_cat","embeddable":true,"href":"https:\/\/h-moser.com\/fr\/wp-json\/wp\/v2\/product_cat?post=62207"},{"taxonomy":"product_tag","embeddable":true,"href":"https:\/\/h-moser.com\/fr\/wp-json\/wp\/v2\/product_tag?post=62207"}],"curies":[{"name":"wp","href":"https:\/\/api.w.org\/{rel}","templated":true}]}}