{"id":6267,"date":"2020-08-13T10:10:37","date_gmt":"2020-08-13T08:10:37","guid":{"rendered":"https:\/\/dev.cosavostra.com\/hmoser\/product\/pioneer-tourbillon-3\/"},"modified":"2024-03-14T12:16:41","modified_gmt":"2024-03-14T11:16:41","slug":"pioneer-tourbillon-3","status":"publish","type":"product","link":"https:\/\/h-moser.com\/fr\/produit\/pioneer-tourbillon-3\/","title":{"rendered":"Pioneer Tourbillon"},"content":{"rendered":"<p><span style=\"font-weight: 400;\">\u00c9quip\u00e9 d&rsquo;un balancier \u00e0 six heures, le Pioneer Tourbillon en <\/span><span style=\"font-weight: 400;\">or rouge et titane trait\u00e9 DLC avec un cadran Midnight Blue fum\u00e9<\/span><span style=\"font-weight: 400;\"> comprend un double spiral garantissant le plus haut degr\u00e9 de pr\u00e9cision. L&rsquo;ouverture du cadran r\u00e9v\u00e8le l&rsquo;intimit\u00e9 de ce c\u0153ur palpitant qui bat au rythme d&rsquo;une pulsation par minute. Avec le solide bo\u00eetier de la Pioneer comme \u00e9crin, le r\u00e9sultat est au-del\u00e0 des mots.<\/span><\/p>\n","protected":false},"excerpt":{"rendered":"<p>\u00c9quip\u00e9 d&rsquo;un balancier \u00e0 six heures, le Pioneer Tourbillon en or rouge et titane trait\u00e9 DLC avec un cadran Midnight Blue fum\u00e9 comprend un double spiral garantissant le plus haut degr\u00e9 de pr\u00e9cision. L&rsquo;ouverture du cadran r\u00e9v\u00e8le l&rsquo;intimit\u00e9 de ce c\u0153ur palpitant qui bat au rythme d&rsquo;une pulsation par minute. Avec le solide bo\u00eetier de &hellip; <a href=\"https:\/\/h-moser.com\/fr\/produit\/pioneer-tourbillon-3\/\">Continued<\/a><\/p>\n","protected":false},"featured_media":8819,"template":"","meta":{"_acf_changed":false,"_seopress_robots_primary_cat":"none","_seopress_titles_title":"","_seopress_titles_desc":"","_seopress_robots_index":""},"product_brand":[],"product_cat":[1889],"product_tag":[],"class_list":{"0":"post-6267","1":"product","2":"type-product","3":"status-publish","4":"has-post-thumbnail","6":"product_cat-pioneer-models-fr","8":"first","9":"unavailable","10":"shipping-taxable","11":"purchasable","12":"product-type-simple"},"acf":[],"_links":{"self":[{"href":"https:\/\/h-moser.com\/fr\/wp-json\/wp\/v2\/product\/6267","targetHints":{"allow":["GET"]}}],"collection":[{"href":"https:\/\/h-moser.com\/fr\/wp-json\/wp\/v2\/product"}],"about":[{"href":"https:\/\/h-moser.com\/fr\/wp-json\/wp\/v2\/types\/product"}],"wp:featuredmedia":[{"embeddable":true,"href":"https:\/\/h-moser.com\/fr\/wp-json\/wp\/v2\/media\/8819"}],"wp:attachment":[{"href":"https:\/\/h-moser.com\/fr\/wp-json\/wp\/v2\/media?parent=6267"}],"wp:term":[{"taxonomy":"product_brand","embeddable":true,"href":"https:\/\/h-moser.com\/fr\/wp-json\/wp\/v2\/product_brand?post=6267"},{"taxonomy":"product_cat","embeddable":true,"href":"https:\/\/h-moser.com\/fr\/wp-json\/wp\/v2\/product_cat?post=6267"},{"taxonomy":"product_tag","embeddable":true,"href":"https:\/\/h-moser.com\/fr\/wp-json\/wp\/v2\/product_tag?post=6267"}],"curies":[{"name":"wp","href":"https:\/\/api.w.org\/{rel}","templated":true}]}}