{"id":62780,"date":"2023-03-15T09:18:15","date_gmt":"2023-03-15T08:20:50","guid":{"rendered":"https:\/\/h-moser.com\/?post_type=product&#038;p=62780"},"modified":"2024-03-26T16:45:17","modified_gmt":"2024-03-26T15:45:17","slug":"pioneer-tourbillon-3804-1208","status":"publish","type":"product","link":"https:\/\/h-moser.com\/fr\/produit\/pioneer-tourbillon-3804-1208\/","title":{"rendered":"Pioneer Tourbillon"},"content":{"rendered":"<p>H.\u00a0Moser\u00a0&amp;\u00a0Cie. revisite son tourbillon automatique tout-terrain, qui m\u00eale sportivit\u00e9 et \u00e9l\u00e9gance, et propose un mod\u00e8le de 40\u00a0mm de diam\u00e8tre dot\u00e9 d\u2019une toute nouvelle couleur de cadran fum\u00e9. Le Pioneer Tourbillon Arctic Blue est \u00e9quip\u00e9 d\u2019un m\u00e9canisme de tourbillon \u00e0 double spiral qui lui garantit le plus haut degr\u00e9 de pr\u00e9cision, quelle que soit l\u2019activit\u00e9 pratiqu\u00e9e. Son cadran Arctic Blue fum\u00e9 introduit une nouvelle palette de nuances bleu ciel qui distingue r\u00e9solument cette Pioneer aux proportions plus compactes.<\/p>\n","protected":false},"excerpt":{"rendered":"<p>H.\u00a0Moser\u00a0&amp;\u00a0Cie. revisite son tourbillon automatique tout-terrain, qui m\u00eale sportivit\u00e9 et \u00e9l\u00e9gance, et propose un mod\u00e8le de 40\u00a0mm de diam\u00e8tre dot\u00e9 d\u2019une toute nouvelle couleur de cadran fum\u00e9. Le Pioneer Tourbillon Arctic Blue est \u00e9quip\u00e9 d\u2019un m\u00e9canisme de tourbillon \u00e0 double spiral qui lui garantit le plus haut degr\u00e9 de pr\u00e9cision, quelle que soit l\u2019activit\u00e9 pratiqu\u00e9e. &hellip; <a href=\"https:\/\/h-moser.com\/fr\/produit\/pioneer-tourbillon-3804-1208\/\">Continued<\/a><\/p>\n","protected":false},"featured_media":62774,"template":"","meta":{"_acf_changed":false,"_seopress_robots_primary_cat":"none","_seopress_titles_title":"H.\u00a0Moser\u00a0&amp;\u00a0Cie. Pioneer Tourbillon","_seopress_titles_desc":"Le Pioneer Tourbillon Arctic Blue est \u00e9quip\u00e9 d\u2019un m\u00e9canisme de tourbillon \u00e0 double spiral qui lui garantit le plus haut degr\u00e9 de pr\u00e9cision, quelle que soit l\u2019activit\u00e9 pratiqu\u00e9e. ","_seopress_robots_index":""},"product_brand":[],"product_cat":[273,290],"product_tag":[],"class_list":{"0":"post-62780","1":"product","2":"type-product","3":"status-publish","4":"has-post-thumbnail","6":"product_cat-pioneer-fr","7":"product_cat-tourbillon-2-fr","9":"first","10":"instock","11":"shipping-taxable","12":"purchasable","13":"product-type-simple"},"acf":[],"_links":{"self":[{"href":"https:\/\/h-moser.com\/fr\/wp-json\/wp\/v2\/product\/62780","targetHints":{"allow":["GET"]}}],"collection":[{"href":"https:\/\/h-moser.com\/fr\/wp-json\/wp\/v2\/product"}],"about":[{"href":"https:\/\/h-moser.com\/fr\/wp-json\/wp\/v2\/types\/product"}],"wp:featuredmedia":[{"embeddable":true,"href":"https:\/\/h-moser.com\/fr\/wp-json\/wp\/v2\/media\/62774"}],"wp:attachment":[{"href":"https:\/\/h-moser.com\/fr\/wp-json\/wp\/v2\/media?parent=62780"}],"wp:term":[{"taxonomy":"product_brand","embeddable":true,"href":"https:\/\/h-moser.com\/fr\/wp-json\/wp\/v2\/product_brand?post=62780"},{"taxonomy":"product_cat","embeddable":true,"href":"https:\/\/h-moser.com\/fr\/wp-json\/wp\/v2\/product_cat?post=62780"},{"taxonomy":"product_tag","embeddable":true,"href":"https:\/\/h-moser.com\/fr\/wp-json\/wp\/v2\/product_tag?post=62780"}],"curies":[{"name":"wp","href":"https:\/\/api.w.org\/{rel}","templated":true}]}}