{"id":62835,"date":"2023-03-15T09:25:33","date_gmt":"2023-03-15T08:28:04","guid":{"rendered":"https:\/\/h-moser.com\/?post_type=product&#038;p=62835"},"modified":"2024-03-26T16:29:05","modified_gmt":"2024-03-26T15:29:05","slug":"pioneer-centre-seconds-3200-1217","status":"publish","type":"product","link":"https:\/\/h-moser.com\/fr\/produit\/pioneer-centre-seconds-3200-1217\/","title":{"rendered":"Pioneer Centre Seconds"},"content":{"rendered":"<p>H. Moser &amp; Cie. revisite sa montre automatique tout-terrain, qui m\u00eale sportivit\u00e9 et \u00e9l\u00e9gance, et propose un mod\u00e8le de 40 mm de diam\u00e8tre dot\u00e9 d\u2019une toute nouvelle couleur de cadran fum\u00e9. Fid\u00e8le \u00e0 l\u2019esprit r\u00e9sistant de son pr\u00e9d\u00e9cesseur aux dimensions imposantes, la Pioneer Centre Seconds Arctic Blue associe des proportions plus compactes \u00e0 un somptueux cadran Arctic Blue fum\u00e9 et un mouvement manufacture \u00e0 remontage automatique.<\/p>\n","protected":false},"excerpt":{"rendered":"<p>H. Moser &amp; Cie. revisite sa montre automatique tout-terrain, qui m\u00eale sportivit\u00e9 et \u00e9l\u00e9gance, et propose un mod\u00e8le de 40 mm de diam\u00e8tre dot\u00e9 d\u2019une toute nouvelle couleur de cadran fum\u00e9. Fid\u00e8le \u00e0 l\u2019esprit r\u00e9sistant de son pr\u00e9d\u00e9cesseur aux dimensions imposantes, la Pioneer Centre Seconds Arctic Blue associe des proportions plus compactes \u00e0 un somptueux &hellip; <a href=\"https:\/\/h-moser.com\/fr\/produit\/pioneer-centre-seconds-3200-1217\/\">Continued<\/a><\/p>\n","protected":false},"featured_media":62796,"template":"","meta":{"_acf_changed":false,"_seopress_robots_primary_cat":"none","_seopress_titles_title":"H. Moser &amp; Cie. - Pioneer Centre Seconds","_seopress_titles_desc":"H. Moser &amp; Cie. revisite sa montre automatique tout-terrain, qui m\u00eale sportivit\u00e9 et \u00e9l\u00e9gance, et propose un mod\u00e8le de 40 mm de diam\u00e8tre dot\u00e9 d\u2019une toute nouvelle couleur de cadran fum\u00e9.","_seopress_robots_index":""},"product_brand":[],"product_cat":[278,273],"product_tag":[],"class_list":{"0":"post-62835","1":"product","2":"type-product","3":"status-publish","4":"has-post-thumbnail","6":"product_cat-centre-seconds-2-fr","7":"product_cat-pioneer-fr","9":"first","10":"instock","11":"shipping-taxable","12":"purchasable","13":"product-type-simple"},"acf":[],"_links":{"self":[{"href":"https:\/\/h-moser.com\/fr\/wp-json\/wp\/v2\/product\/62835","targetHints":{"allow":["GET"]}}],"collection":[{"href":"https:\/\/h-moser.com\/fr\/wp-json\/wp\/v2\/product"}],"about":[{"href":"https:\/\/h-moser.com\/fr\/wp-json\/wp\/v2\/types\/product"}],"wp:featuredmedia":[{"embeddable":true,"href":"https:\/\/h-moser.com\/fr\/wp-json\/wp\/v2\/media\/62796"}],"wp:attachment":[{"href":"https:\/\/h-moser.com\/fr\/wp-json\/wp\/v2\/media?parent=62835"}],"wp:term":[{"taxonomy":"product_brand","embeddable":true,"href":"https:\/\/h-moser.com\/fr\/wp-json\/wp\/v2\/product_brand?post=62835"},{"taxonomy":"product_cat","embeddable":true,"href":"https:\/\/h-moser.com\/fr\/wp-json\/wp\/v2\/product_cat?post=62835"},{"taxonomy":"product_tag","embeddable":true,"href":"https:\/\/h-moser.com\/fr\/wp-json\/wp\/v2\/product_tag?post=62835"}],"curies":[{"name":"wp","href":"https:\/\/api.w.org\/{rel}","templated":true}]}}