{"id":65057,"date":"2023-04-19T08:23:58","date_gmt":"2023-04-19T06:43:53","guid":{"rendered":"https:\/\/h-moser.com\/?post_type=product&#038;p=65057"},"modified":"2024-03-21T13:21:25","modified_gmt":"2024-03-21T12:21:25","slug":"streamliner-centre-seconds-6200-1207","status":"publish","type":"product","link":"https:\/\/h-moser.com\/fr\/produit\/streamliner-centre-seconds-6200-1207\/","title":{"rendered":"Streamliner Centre Seconds"},"content":{"rendered":"<p>L\u2019iconique mod\u00e8le avec bracelet int\u00e9gr\u00e9 en acier de H. Moser &amp; Cie. renoue avec sa forme la plus exquise \u00e0 ce jour. La Streamliner Centre Seconds Smoked Salmon adopte une couleur de cadran fum\u00e9 totalement in\u00e9dite : la palette de nuances s\u2019\u00e9tend du noir au brun fonc\u00e9 avec de superbes touches dor\u00e9es qui jouent en permanence avec la lumi\u00e8re. V\u00e9ritablement \u00ab\u00a0Very Rare\u00a0\u00bb, la Streamliner Centre Seconds Smoked Salmon sera <strong>produite uniquement<\/strong><strong> pendant un an.<\/strong><\/p>\n","protected":false},"excerpt":{"rendered":"<p>L\u2019iconique mod\u00e8le avec bracelet int\u00e9gr\u00e9 en acier de H. Moser &amp; Cie. renoue avec sa forme la plus exquise \u00e0 ce jour. La Streamliner Centre Seconds Smoked Salmon adopte une couleur de cadran fum\u00e9 totalement in\u00e9dite : la palette de nuances s\u2019\u00e9tend du noir au brun fonc\u00e9 avec de superbes touches dor\u00e9es qui jouent en &hellip; <a href=\"https:\/\/h-moser.com\/fr\/produit\/streamliner-centre-seconds-6200-1207\/\">Continued<\/a><\/p>\n","protected":false},"featured_media":64986,"template":"","meta":{"_acf_changed":false,"_seopress_robots_primary_cat":"none","_seopress_titles_title":"","_seopress_titles_desc":"","_seopress_robots_index":""},"product_brand":[],"product_cat":[68],"product_tag":[],"class_list":{"0":"post-65057","1":"product","2":"type-product","3":"status-publish","4":"has-post-thumbnail","6":"product_cat-non-classe-fr-2","8":"first","9":"outofstock","10":"shipping-taxable","11":"purchasable","12":"product-type-simple"},"acf":[],"_links":{"self":[{"href":"https:\/\/h-moser.com\/fr\/wp-json\/wp\/v2\/product\/65057","targetHints":{"allow":["GET"]}}],"collection":[{"href":"https:\/\/h-moser.com\/fr\/wp-json\/wp\/v2\/product"}],"about":[{"href":"https:\/\/h-moser.com\/fr\/wp-json\/wp\/v2\/types\/product"}],"wp:featuredmedia":[{"embeddable":true,"href":"https:\/\/h-moser.com\/fr\/wp-json\/wp\/v2\/media\/64986"}],"wp:attachment":[{"href":"https:\/\/h-moser.com\/fr\/wp-json\/wp\/v2\/media?parent=65057"}],"wp:term":[{"taxonomy":"product_brand","embeddable":true,"href":"https:\/\/h-moser.com\/fr\/wp-json\/wp\/v2\/product_brand?post=65057"},{"taxonomy":"product_cat","embeddable":true,"href":"https:\/\/h-moser.com\/fr\/wp-json\/wp\/v2\/product_cat?post=65057"},{"taxonomy":"product_tag","embeddable":true,"href":"https:\/\/h-moser.com\/fr\/wp-json\/wp\/v2\/product_tag?post=65057"}],"curies":[{"name":"wp","href":"https:\/\/api.w.org\/{rel}","templated":true}]}}