{"id":70452,"date":"2023-05-31T08:24:57","date_gmt":"2023-05-31T06:32:11","guid":{"rendered":"https:\/\/h-moser.com\/?post_type=product&#038;p=70452"},"modified":"2025-09-08T14:50:07","modified_gmt":"2025-09-08T12:50:07","slug":"streamliner-flyback-chronograph-6907-1200","status":"publish","type":"product","link":"https:\/\/h-moser.com\/fr\/produit\/streamliner-flyback-chronograph-6907-1200\/","title":{"rendered":"Streamliner Flyback Chronograph"},"content":{"rendered":"<p>Avec le Streamliner Flyback Chronograph Automatic en acier dot\u00e9 d\u2019un cadran Funky Blue fum\u00e9, H. Moser &amp; Cie. signe une interpr\u00e9tation moderne et prim\u00e9e d\u2019un chronographe qui incarne parfaitement les lignes minimalistes et fluides de la collection Streamliner. La version\u00a02.0 arbore un logo transparent alors que et l\u2019ing\u00e9nieux mouvement chronographe arbore des finitions anthracite plus contemporaines.\u00a0Gr\u00e2ce \u00e0 ses aiguilles coaxiales centr\u00e9es, la fonction chronographe flyback permet une lecture \u00e0 la fois logique et intuitive.<\/p>\n","protected":false},"excerpt":{"rendered":"<p>Avec le Streamliner Flyback Chronograph Automatic en acier dot\u00e9 d\u2019un cadran Funky Blue fum\u00e9, H. Moser &amp; Cie. signe une interpr\u00e9tation moderne et prim\u00e9e d\u2019un chronographe qui incarne parfaitement les lignes minimalistes et fluides de la collection Streamliner. La version\u00a02.0 arbore un logo transparent alors que et l\u2019ing\u00e9nieux mouvement chronographe arbore des finitions anthracite plus &hellip; <a href=\"https:\/\/h-moser.com\/fr\/produit\/streamliner-flyback-chronograph-6907-1200\/\">Continued<\/a><\/p>\n","protected":false},"featured_media":70426,"template":"","meta":{"_acf_changed":false,"_seopress_robots_primary_cat":"none","_seopress_titles_title":"","_seopress_titles_desc":"","_seopress_robots_index":""},"product_brand":[],"product_cat":[68],"product_tag":[],"class_list":{"0":"post-70452","1":"product","2":"type-product","3":"status-publish","4":"has-post-thumbnail","6":"product_cat-non-classe-fr-2","8":"first","9":"instock","10":"shipping-taxable","11":"purchasable","12":"product-type-simple"},"acf":[],"_links":{"self":[{"href":"https:\/\/h-moser.com\/fr\/wp-json\/wp\/v2\/product\/70452","targetHints":{"allow":["GET"]}}],"collection":[{"href":"https:\/\/h-moser.com\/fr\/wp-json\/wp\/v2\/product"}],"about":[{"href":"https:\/\/h-moser.com\/fr\/wp-json\/wp\/v2\/types\/product"}],"wp:featuredmedia":[{"embeddable":true,"href":"https:\/\/h-moser.com\/fr\/wp-json\/wp\/v2\/media\/70426"}],"wp:attachment":[{"href":"https:\/\/h-moser.com\/fr\/wp-json\/wp\/v2\/media?parent=70452"}],"wp:term":[{"taxonomy":"product_brand","embeddable":true,"href":"https:\/\/h-moser.com\/fr\/wp-json\/wp\/v2\/product_brand?post=70452"},{"taxonomy":"product_cat","embeddable":true,"href":"https:\/\/h-moser.com\/fr\/wp-json\/wp\/v2\/product_cat?post=70452"},{"taxonomy":"product_tag","embeddable":true,"href":"https:\/\/h-moser.com\/fr\/wp-json\/wp\/v2\/product_tag?post=70452"}],"curies":[{"name":"wp","href":"https:\/\/api.w.org\/{rel}","templated":true}]}}