{"id":71440,"date":"2023-06-27T08:19:19","date_gmt":"2023-06-27T06:24:56","guid":{"rendered":"https:\/\/h-moser.com\/?post_type=product&#038;p=71440"},"modified":"2025-09-08T14:48:31","modified_gmt":"2025-09-08T12:48:31","slug":"streamliner-flyback-chronograph-6907-0400","status":"publish","type":"product","link":"https:\/\/h-moser.com\/fr\/produit\/streamliner-flyback-chronograph-6907-0400\/","title":{"rendered":"Streamliner Flyback Chronograph Automatic Boutique Edition"},"content":{"rendered":"<p>Premi\u00e8re exclusivit\u00e9 Boutique de H.\u00a0Moser &amp;\u00a0Cie., le <strong>Streamliner Flyback Chronograph Automatic<\/strong>\u00a0<strong>Boutique Edition<\/strong> associe l\u2019or rouge \u00e0 un bracelet en caoutchouc. Interpr\u00e9tation minimaliste du chronographe, le Streamliner Flyback Chronograph Automatic Boutique Edition\u00a0constitue la quintessence des lignes fluides de la collection Streamliner. Pour la premi\u00e8re fois, le calibre HMC 907 \u00e0 remontage automatique est log\u00e9 dans un bo\u00eetier en or rouge mont\u00e9 sur un bracelet souple. Son cadran Matrix Green fum\u00e9 lui conf\u00e8re l\u2019ultime touche de sophistication sportive. <strong>Mod\u00e8le exclusivement disponible dans les H. Moser &amp; Cie. espaces d\u00e9di\u00e9s et sur sa plateforme en ligne.<\/strong><\/p>\n","protected":false},"excerpt":{"rendered":"<p>Premi\u00e8re exclusivit\u00e9 Boutique de H.\u00a0Moser &amp;\u00a0Cie., le Streamliner Flyback Chronograph Automatic\u00a0Boutique Edition associe l\u2019or rouge \u00e0 un bracelet en caoutchouc. Interpr\u00e9tation minimaliste du chronographe, le Streamliner Flyback Chronograph Automatic Boutique Edition\u00a0constitue la quintessence des lignes fluides de la collection Streamliner. Pour la premi\u00e8re fois, le calibre HMC 907 \u00e0 remontage automatique est log\u00e9 dans un &hellip; <a href=\"https:\/\/h-moser.com\/fr\/produit\/streamliner-flyback-chronograph-6907-0400\/\">Continued<\/a><\/p>\n","protected":false},"featured_media":71422,"template":"","meta":{"_acf_changed":false,"_seopress_robots_primary_cat":"none","_seopress_titles_title":"","_seopress_titles_desc":"","_seopress_robots_index":""},"product_brand":[],"product_cat":[68],"product_tag":[],"class_list":{"0":"post-71440","1":"product","2":"type-product","3":"status-publish","4":"has-post-thumbnail","6":"product_cat-non-classe-fr-2","8":"first","9":"instock","10":"shipping-taxable","11":"purchasable","12":"product-type-simple"},"acf":[],"_links":{"self":[{"href":"https:\/\/h-moser.com\/fr\/wp-json\/wp\/v2\/product\/71440","targetHints":{"allow":["GET"]}}],"collection":[{"href":"https:\/\/h-moser.com\/fr\/wp-json\/wp\/v2\/product"}],"about":[{"href":"https:\/\/h-moser.com\/fr\/wp-json\/wp\/v2\/types\/product"}],"wp:featuredmedia":[{"embeddable":true,"href":"https:\/\/h-moser.com\/fr\/wp-json\/wp\/v2\/media\/71422"}],"wp:attachment":[{"href":"https:\/\/h-moser.com\/fr\/wp-json\/wp\/v2\/media?parent=71440"}],"wp:term":[{"taxonomy":"product_brand","embeddable":true,"href":"https:\/\/h-moser.com\/fr\/wp-json\/wp\/v2\/product_brand?post=71440"},{"taxonomy":"product_cat","embeddable":true,"href":"https:\/\/h-moser.com\/fr\/wp-json\/wp\/v2\/product_cat?post=71440"},{"taxonomy":"product_tag","embeddable":true,"href":"https:\/\/h-moser.com\/fr\/wp-json\/wp\/v2\/product_tag?post=71440"}],"curies":[{"name":"wp","href":"https:\/\/api.w.org\/{rel}","templated":true}]}}